{"id":93,"date":"2025-09-03T11:45:43","date_gmt":"2025-09-03T11:45:43","guid":{"rendered":"https:\/\/winescrumariatheresia.com\/?page_id=93"},"modified":"2025-10-24T07:08:56","modified_gmt":"2025-10-24T07:08:56","slug":"velika-vina-cru-klasifikacije-marije-terezije","status":"publish","type":"page","link":"https:\/\/winescrumariatheresia.com\/it\/velika-vina-cru-klasifikacije-marije-terezije\/","title":{"rendered":"Grandi Vini della Classificazione <br>CRU dell\u2019Imperatrice-Regina Maria Teresa"},"content":{"rendered":"<section class=\"bde-section-93-100 bde-section\">\n  \n  \n\t\n\n\n\n<div class=\"section-container\"><div class=\"bde-columns-93-106 bde-columns\"><div class=\"bde-column-93-107 bde-column\">\n  \n  \n\t\n\n\n\n<h1 class=\"bde-heading-93-101 bde-heading bde-preset-2af27171-1ad8-4201-a99d-bd2add07e24f\">\nGrandi Vini della Classificazione <br>CRU dell\u2019Imperatrice-Regina Maria Teresa\n<\/h1><div class=\"bde-text-93-102 bde-text\">\n\u201c Vini che raccontano la storia di due terre\u201d\n<\/div>\n<\/div><div class=\"bde-column-93-108 bde-column\">\n  \n  \n\t\n\n\n\n<img decoding=\"async\" class=\"bde-image2-93-109 bde-image2\" src=\"https:\/\/winescrumariatheresia.com\/wp-content\/uploads\/2025\/09\/steklenica-1.png\" loading=\"lazy\" srcset=\"https:\/\/winescrumariatheresia.com\/wp-content\/uploads\/2025\/09\/steklenica-1.png 822w, https:\/\/winescrumariatheresia.com\/wp-content\/uploads\/2025\/09\/steklenica-1-203x300.png 203w, https:\/\/winescrumariatheresia.com\/wp-content\/uploads\/2025\/09\/steklenica-1-692x1024.png 692w, https:\/\/winescrumariatheresia.com\/wp-content\/uploads\/2025\/09\/steklenica-1-768x1137.png 768w\" sizes=\"(max-width: 822px) 100vw, 822px\">\n<\/div><\/div><\/div>\n<\/section><section class=\"bde-section-93-110 bde-section\">\n  \n  \n\t\n\n\n\n<div class=\"section-container\"><div class=\"bde-text-93-111 bde-text bde-preset-7942a96c-82f9-49c0-a7aa-a72c1b8ff092\">\nEntra in un mondo di vini eccellenti, plasmati dall\u2019eredit\u00e0 della prima classificazione CRU al mondo, introdotta nel 1787 dalla visione dell\u2019Imperatrice-Regina Maria Teresa. \n<\/div><div class=\"bde-rich-text-93-112 bde-rich-text bde-preset-ebb0e78c-9fc9-4674-99af-5418d20cdb8e breakdance-rich-text-styles\">\n<p><span style=\"font-weight: 400;\">Questa classificazione, riscoperta dallo storico\u00a0<strong>Stefano Cosma<\/strong>, riconobbe l\u2019eccezionale qualit\u00e0 dei vigneti di Collio, Colli Orientali, Gori\u0161ka Brda, Bassa Valle dell\u2019Isonzo, Valle del Vipacco, Aquileia e Carso \u2014 quasi un secolo prima della Borgogna. Oggi i vini prodotti in questi cru sono l\u2019orgoglio\u00a0<strong>dell\u2019Associazione della Classificazione dei Cru dell\u2019Imperatrice-Regina Maria Teresa<\/strong>, che riunisce i pi\u00f9 eminenti viticoltori di Slovenia e Italia in una visione comune di amicizia, pace ed eccellenza.\u00a0<\/span><\/p>\n<\/div><div class=\"bde-columns-93-113 bde-columns\"><div class=\"bde-column-93-114 bde-column\">\n  \n  \n\t\n\n\n\n<img decoding=\"async\" class=\"bde-image2-93-116 bde-image2\" src=\"https:\/\/winescrumariatheresia.com\/wp-content\/uploads\/2025\/09\/foto-plakat-1.jpg\" loading=\"lazy\" srcset=\"https:\/\/winescrumariatheresia.com\/wp-content\/uploads\/2025\/09\/foto-plakat-1.jpg 796w, https:\/\/winescrumariatheresia.com\/wp-content\/uploads\/2025\/09\/foto-plakat-1-300x199.jpg 300w, https:\/\/winescrumariatheresia.com\/wp-content\/uploads\/2025\/09\/foto-plakat-1-768x509.jpg 768w\" sizes=\"(max-width: 796px) 100vw, 796px\">\n<\/div><div class=\"bde-column-93-115 bde-column\">\n  \n  \n\t\n\n\n\n<img decoding=\"async\" class=\"bde-image2-93-117 bde-image2\" src=\"https:\/\/winescrumariatheresia.com\/wp-content\/uploads\/2025\/09\/foto-kozarec-1.jpg\" loading=\"lazy\" srcset=\"https:\/\/winescrumariatheresia.com\/wp-content\/uploads\/2025\/09\/foto-kozarec-1.jpg 796w, https:\/\/winescrumariatheresia.com\/wp-content\/uploads\/2025\/09\/foto-kozarec-1-300x199.jpg 300w, https:\/\/winescrumariatheresia.com\/wp-content\/uploads\/2025\/09\/foto-kozarec-1-768x509.jpg 768w\" sizes=\"(max-width: 796px) 100vw, 796px\"><img decoding=\"async\" class=\"bde-image2-93-118 bde-image2\" src=\"https:\/\/winescrumariatheresia.com\/wp-content\/uploads\/2025\/09\/04_logo_Maria_terezia_label_1787-02-1.png\" loading=\"lazy\" srcset=\"https:\/\/winescrumariatheresia.com\/wp-content\/uploads\/2025\/09\/04_logo_Maria_terezia_label_1787-02-1.png 473w, https:\/\/winescrumariatheresia.com\/wp-content\/uploads\/2025\/09\/04_logo_Maria_terezia_label_1787-02-1-300x300.png 300w, https:\/\/winescrumariatheresia.com\/wp-content\/uploads\/2025\/09\/04_logo_Maria_terezia_label_1787-02-1-150x150.png 150w\" sizes=\"(max-width: 473px) 100vw, 473px\">\n<\/div><\/div><div class=\"bde-div-93-121 bde-div\">\n  \n  \n\t\n\n\n\n<div class=\"bde-rich-text-93-119 bde-rich-text bde-preset-ebb0e78c-9fc9-4674-99af-5418d20cdb8e breakdance-rich-text-styles\">\n<p>I nostri vini nascono dall\u2019opoka ricca di minerali, da un mite clima mediterraneo con giornate calde e notti fresche, e da secoli di tradizione vitivinicola. Chardonnay, Rebula, Friulano-Jakot, Malvasia, Pinot Nero, Refosco e Merlot sono solo alcune delle variet\u00e0 che incantano con eleganza, mineralit\u00e0, complessit\u00e0 e carattere unico. Ogni vino racconta una storia di collaborazione transfrontaliera, dove i migliori viticoltori sloveni e italiani uniscono conoscenza e passione per creare capolavori degni di un\u2019eredit\u00e0 imperiale.<\/p>\n<\/div><div class=\"bde-rich-text-93-122 bde-rich-text bde-preset-ebb0e78c-9fc9-4674-99af-5418d20cdb8e breakdance-rich-text-styles\">\n<p>Ciascuno di questi vini \u00e8 creato con amore e rispetto per la terra, riconosciuta come eccezionale per la prima volta dall\u2019Imperatrice-Regina Maria Teresa.<\/p>\n<\/div><div class=\"bde-text-93-124 bde-text bde-preset-faebfa17-b02a-48b0-88b1-f511c1505395\">\nVisitate la nostra Cantina dei Grandi Vini dell\u2019Amicizia e della Pace presso il Monastero Francescano di Castagnevizza, dove potrete degustare questi vini e acquistarli come ricordo di un\u2019esperienza indimenticabile in una delle migliori regioni vinicole del mondo.\n<\/div><div class=\"bde-button-93-125 bde-button\">\n    \n                                    \n    \n    \n    \n    \n            \n                    \n            \n            \n\n    \n    \n    \n    \n    \n    <a class=\"breakdance-link button-atom button-atom--secondary bde-button__button\" href=\"\/it\/rezervacija\/#rezervacija\" target=\"_blank\" data-type=\"url\"  >\n\n    \n        <span class=\"button-atom__text\">PRENOTA LA TUA ESPERIENZA<\/span>\n\n        \n        \n                <\/a>\n\n    \n\n\n<\/div>\n<\/div><\/div>\n<\/section><section class=\"bde-section-93-126 bde-section\">\n  \n  \n\t\n\n\n\n<div class=\"section-container\"><img decoding=\"async\" class=\"bde-image2-93-127 bde-image2\" src=\"https:\/\/winescrumariatheresia.com\/wp-content\/uploads\/2025\/09\/Layer_2-1.png\" loading=\"lazy\" srcset=\"https:\/\/winescrumariatheresia.com\/wp-content\/uploads\/2025\/09\/Layer_2-1.png 1905w, https:\/\/winescrumariatheresia.com\/wp-content\/uploads\/2025\/09\/Layer_2-1-300x102.png 300w, https:\/\/winescrumariatheresia.com\/wp-content\/uploads\/2025\/09\/Layer_2-1-1024x348.png 1024w, https:\/\/winescrumariatheresia.com\/wp-content\/uploads\/2025\/09\/Layer_2-1-768x261.png 768w, https:\/\/winescrumariatheresia.com\/wp-content\/uploads\/2025\/09\/Layer_2-1-1536x522.png 1536w\" sizes=\"(max-width: 1905px) 100vw, 1905px\"><\/div>\n<\/section><section class=\"bde-section-93-128 bde-section\">\n  \n  \n\t\n\n\n\n<div class=\"section-container\"><h1 class=\"bde-heading-93-129 bde-heading\">\nAsta di beneficenza: dove la tradizione incontra vini eccellenti e filantropia\n<\/h1><div class=\"bde-rich-text-93-130 bde-rich-text bde-preset-ebb0e78c-9fc9-4674-99af-5418d20cdb8e breakdance-rich-text-styles\">\n<p>Ogni ottobre, <strong>il Monastero Francescano di Castagnavizza\/Kostanjevica<\/strong> si anima con l\u2019evento pi\u00f9 prestigioso della regione \u2013 l\u2019asta di beneficenza dei vini della Classificazione CRU dell\u2019Imperatrice-Regina Maria Teresa. Dal <strong>23 al 25 ottobre 2025<\/strong> si terr\u00e0 per la quarta volta. I produttori selezionati contribuiscono con una barrique di rovere da 225 litri (300 bottiglie) di vino proveniente dai loro migliori vigneti, classificati come cru secondo la storica classificazione di Maria Teresa. Questi vini, approvati da una commissione speciale, sono il frutto di una tradizione secolare e di un terroir eccezionale, dove l\u2019opoka e il mite clima mediterraneo creano sapori senza pari.<\/p>\n<\/div><\/div>\n<\/section><section class=\"bde-section-93-131 bde-section\">\n  \n  \n\t\n\n\n\n<div class=\"section-container\"><div class=\"bde-div-93-132 bde-div\">\n  \n  \n\t\n\n\n\n<img decoding=\"async\" class=\"bde-image2-93-133 bde-image2\" src=\"https:\/\/winescrumariatheresia.com\/wp-content\/uploads\/2025\/09\/okrasna-crta.svg\" loading=\"lazy\" sizes=\"(max-width: 36px) 100vw, 36px\"><div class=\"bde-text-93-135 bde-text bde-preset-7942a96c-82f9-49c0-a7aa-a72c1b8ff092\">\nCome nascono i vini dell\u2019asta?\n<\/div><img decoding=\"async\" class=\"bde-image2-93-134 bde-image2\" src=\"https:\/\/winescrumariatheresia.com\/wp-content\/uploads\/2025\/09\/okrasna-crta-1.svg\" loading=\"lazy\" sizes=\"(max-width: 36px) 100vw, 36px\">\n<\/div><div class=\"bde-text-93-140 bde-text\">\n Un processo fedele all\u2019eredit\u00e0 dell\u2019Imperatrice-Regina Maria Teresa.\n<\/div><div class=\"bde-columns-93-136 bde-columns\"><div class=\"bde-column-93-137 bde-column\">\n  \n  \n\t\n\n\n\n<div class=\"bde-text-93-142 bde-text\">\nPRODUZIONE\n<\/div><div class=\"bde-text-93-144 bde-text\">\nOgni vino nasce da un unico vitigno, coltivato in selezionati siti CRU, onorando l\u2019eredit\u00e0 dell\u2019Imperatrice-Regina Maria Teresa.\n<\/div><div class=\"bde-text-93-145 bde-text\">\nColtivati con metodi biologici e biodinamici e con rese limitate a non pi\u00f9 di 60 hl\/ha, questi vini preservano la pura essenza e l\u2019autenticit\u00e0 della terra.\n<\/div>\n<\/div><div class=\"bde-column-93-138 bde-column\">\n  \n  \n\t\n\n\n\n<img decoding=\"async\" class=\"bde-image2-93-148 bde-image2\" src=\"https:\/\/winescrumariatheresia.com\/wp-content\/uploads\/2025\/09\/ozadje-slika-1-1.png\" loading=\"lazy\" srcset=\"https:\/\/winescrumariatheresia.com\/wp-content\/uploads\/2025\/09\/ozadje-slika-1-1.png 1283w, https:\/\/winescrumariatheresia.com\/wp-content\/uploads\/2025\/09\/ozadje-slika-1-1-286x300.png 286w, https:\/\/winescrumariatheresia.com\/wp-content\/uploads\/2025\/09\/ozadje-slika-1-1-975x1024.png 975w, https:\/\/winescrumariatheresia.com\/wp-content\/uploads\/2025\/09\/ozadje-slika-1-1-768x806.png 768w, https:\/\/winescrumariatheresia.com\/wp-content\/uploads\/2025\/09\/ozadje-slika-1-1-11x12.png 11w\" sizes=\"(max-width: 1283px) 100vw, 1283px\">\n<\/div><div class=\"bde-column-93-139 bde-column\">\n  \n  \n\t\n\n\n\n<div class=\"bde-text-93-143 bde-text\">\nAFFINAMENTO\n<\/div><div class=\"bde-text-93-146 bde-text\">\n12 mesi di affinamento in botti di rovere.\n<\/div><div class=\"bde-text-93-147 bde-text\">\n6 mesi di affinamento in vasche d\u2019acciaio.\n<\/div>\n<\/div><\/div><div class=\"bde-text-93-149 bde-text\">\n\u2028300 bottiglie borgognotte numerate, ciascuna con la firma del vincitore, su un\u2019etichetta commemorativa esclusiva, appositamente creata per l\u2019occasione e recante lo stemma della Contea.\n<\/div><\/div>\n<\/section><section class=\"bde-section-93-150 bde-section\">\n  \n  \n\t\n\n\n\n<div class=\"section-container\"><div class=\"bde-text-93-151 bde-text bde-preset-7942a96c-82f9-49c0-a7aa-a72c1b8ff092\">\nAssociazione della Classificazione CRU\n<\/div><div class=\"bde-rich-text-93-152 bde-rich-text bde-preset-ebb0e78c-9fc9-4674-99af-5418d20cdb8e breakdance-rich-text-styles\">\n<p>L\u2019Associazione della Classificazione CRU dell\u2019Imperatrice-Regina Maria Teresa \u00e8 un\u2019iniziativa transfrontaliera che unisce i viticoltori della regione vinicola di Gorizia, del Collio e delle Gori\u0161ka Brda, preservando l\u2019eredit\u00e0 della prima classificazione CRU del 1787. Uniti nello spirito di amicizia e pace, i viticoltori proseguono la tradizione di Maria Teresa, producendo vini eccellenti che ispirano il mondo. Ogni anno organizzano un\u2019esclusiva asta di beneficenza, offrendo una barrique (300 bottiglie) dei loro migliori vini, il cui ricavato sostiene diverse iniziative benefiche. Tra i membri illustri dell\u2019associazione, che uniscono la passione per l\u2019eccellenza enologica con il patrimonio storico, vi sono:<\/p>\n<\/div><div class=\"bde-rich-text-93-202 bde-rich-text breakdance-rich-text-styles\">\n<ul><li style=\"font-weight: 400;\" aria-level=\"1\"><span style=\"font-weight: 400;\">ATTEMS - FRESCOBALDI\u00a0<\/span><\/li><li style=\"font-weight: 400;\" aria-level=\"1\"><span style=\"font-weight: 400;\">AZ. AGRICOLA ROCCA BERNARDA\u00a0<\/span><\/li><li style=\"font-weight: 400;\" aria-level=\"1\"><span style=\"font-weight: 400;\">BARONE RITTER DE ZA\u0301HONY\u00a0<\/span><\/li><li style=\"font-weight: 400;\" aria-level=\"1\"><span style=\"font-weight: 400;\">CANTINA SANZIN\u00a0<\/span><\/li><li style=\"font-weight: 400;\" aria-level=\"1\"><span style=\"font-weight: 400;\">CAROLINA JAKON\u010cI\u010c WINERY\u00a0<\/span><\/li><li style=\"font-weight: 400;\" aria-level=\"1\"><span style=\"font-weight: 400;\">CASTELLO DI SPESSA\u00a0<\/span><\/li><li style=\"font-weight: 400;\" aria-level=\"1\"><span style=\"font-weight: 400;\">DOMA\u010cIJA MEDOT\u00a0<\/span><\/li><li style=\"font-weight: 400;\" aria-level=\"1\"><span style=\"font-weight: 400;\">FONDAZIONE VILLA RUSSIZ\u00a0<\/span><\/li><li style=\"font-weight: 400;\" aria-level=\"1\"><span style=\"font-weight: 400;\">KLET BRDA\u00a0<\/span><\/li><li style=\"font-weight: 400;\" aria-level=\"1\"><span style=\"font-weight: 400;\">KMETIJA PRIN\u010cI\u010c - TOMA\u017d PRIN\u010cI\u010c<\/span><\/li><li style=\"font-weight: 400;\" aria-level=\"1\"><span style=\"font-weight: 400;\">KORSI\u010c WINES\u00a0<\/span><\/li><li style=\"font-weight: 400;\" aria-level=\"1\"><span style=\"font-weight: 400;\">KRISTAN\u010cI\u010c IZ MEDANE\u00a0<\/span><\/li><li style=\"font-weight: 400;\" aria-level=\"1\"><span style=\"font-weight: 400;\">LUCIO BERNOT - CASA DELLE ROSE\u00a0<\/span><\/li><li style=\"font-weight: 400;\" aria-level=\"1\"><span style=\"font-weight: 400;\">MARJAN SIM\u010cI\u010c DOMAINE\u00a0<\/span><\/li><li style=\"font-weight: 400;\" aria-level=\"1\"><span style=\"font-weight: 400;\">NEBO WINERY\u00a0<\/span><\/li><li style=\"font-weight: 400;\" aria-level=\"1\"><span style=\"font-weight: 400;\">NONINO DISTILLATORI\u00a0<\/span><\/li><li style=\"font-weight: 400;\" aria-level=\"1\"><span style=\"font-weight: 400;\">POSESTVO BURJA - PRIMO\u017d LAVREN\u010cI\u010c<\/span><\/li><li style=\"font-weight: 400;\" aria-level=\"1\"><span style=\"font-weight: 400;\">ROKOVI VINOGRADI - ANDREJ SIRK\u00a0<\/span><\/li><li style=\"font-weight: 400;\" aria-level=\"1\"><span style=\"font-weight: 400;\">SUBIDA DI MONTE\u00a0<\/span><\/li><li style=\"font-weight: 400;\" aria-level=\"1\"><span style=\"font-weight: 400;\">SYLVMANN\u00a0<\/span><\/li><li style=\"font-weight: 400;\" aria-level=\"1\"><span style=\"font-weight: 400;\">VALTER SIRK\u00a0<\/span><\/li><li style=\"font-weight: 400;\" aria-level=\"1\"><span style=\"font-weight: 400;\">VINA LEBAN\u00a0<\/span><\/li><li style=\"font-weight: 400;\" aria-level=\"1\"><span style=\"font-weight: 400;\">VINA \u0160TEKAR<\/span><\/li><li style=\"font-weight: 400;\" aria-level=\"1\"><span style=\"font-weight: 400;\">VINI NO\u00dcE MARINI\u010c<\/span><\/li><li style=\"font-weight: 400;\" aria-level=\"1\"><span style=\"font-weight: 400;\">ZAROVA\u00a0<\/span><\/li><\/ul>\n<\/div><\/div>\n<\/section><section class=\"bde-section-93-153 bde-section\">\n  \n  \n\t\n\n\n\n<div class=\"section-container\"><div class=\"bde-grid-93-154 bde-grid\">\n  \n  \n\t\n\n\n\n<img decoding=\"async\" class=\"bde-image2-93-155 bde-image2\" src=\"https:\/\/winescrumariatheresia.com\/wp-content\/uploads\/2025\/09\/slika-tocenje-vina-1.jpg\" loading=\"lazy\" srcset=\"https:\/\/winescrumariatheresia.com\/wp-content\/uploads\/2025\/09\/slika-tocenje-vina-1.jpg 680w, https:\/\/winescrumariatheresia.com\/wp-content\/uploads\/2025\/09\/slika-tocenje-vina-1-300x200.jpg 300w\" sizes=\"(max-width: 680px) 100vw, 680px\"><div class=\"bde-div-93-157 bde-div\">\n  \n  \n\t\n\n\n\n<div class=\"bde-text-93-158 bde-text bde-preset-7942a96c-82f9-49c0-a7aa-a72c1b8ff092\">\nVini Selezionati dell\u2019Asta\n<\/div><div class=\"bde-rich-text-93-159 bde-rich-text bde-preset-ebb0e78c-9fc9-4674-99af-5418d20cdb8e breakdance-rich-text-styles\">\n<p>Questi vini esprimono diversit\u00e0 ed eleganza: i bianchi incantano con note floreali e mineralit\u00e0, mentre i rossi offrono profondit\u00e0 e morbidezza vellutata. Le serie limitate di annate eccezionali aggiungono un valore da collezione che attrae intenditori da tutto il mondo.<\/p>\n<\/div>\n<\/div><img decoding=\"async\" class=\"bde-image2-93-156 bde-image2\" src=\"https:\/\/winescrumariatheresia.com\/wp-content\/uploads\/2025\/09\/slika-sodi-1-e1756909668243.jpg\" loading=\"lazy\" srcset=\"https:\/\/winescrumariatheresia.com\/wp-content\/uploads\/2025\/09\/slika-sodi-1-e1756909668243.jpg 639w, https:\/\/winescrumariatheresia.com\/wp-content\/uploads\/2025\/09\/slika-sodi-1-e1756909668243-300x208.jpg 300w\" sizes=\"(max-width: 639px) 100vw, 639px\">\n<\/div><\/div>\n<\/section><section class=\"bde-section-93-160 bde-section\">\n  \n  \n\t\n\n\n\n<div class=\"section-container\"><div class=\"bde-div-93-162 bde-div\">\n  \n  \n\t\n\n\n\n<img decoding=\"async\" class=\"bde-image2-93-163 bde-image2\" src=\"https:\/\/winescrumariatheresia.com\/wp-content\/uploads\/2025\/09\/okrasna-crta.svg\" loading=\"lazy\" sizes=\"(max-width: 36px) 100vw, 36px\"><div class=\"bde-text-93-164 bde-text bde-preset-7942a96c-82f9-49c0-a7aa-a72c1b8ff092\">\nCome si svolge l\u2019Asta?\n<\/div><img decoding=\"async\" class=\"bde-image2-93-165 bde-image2\" src=\"https:\/\/winescrumariatheresia.com\/wp-content\/uploads\/2025\/09\/okrasna-crta-1.svg\" loading=\"lazy\" sizes=\"(max-width: 36px) 100vw, 36px\">\n<\/div><div class=\"bde-rich-text-93-166 bde-rich-text bde-preset-ebb0e78c-9fc9-4674-99af-5418d20cdb8e breakdance-rich-text-styles\">\n<p>L\u2019asta dello scorso anno si \u00e8 aperta con un\u2019accoglienza solenne nella cantina, seguita da una ricca degustazione di vini selezionati e da una cena di gala elegante, durante la quale si sono stretti legami tra produttori e ospiti. Il momento culminante \u00e8 stato il giorno successivo con l\u2019asta di beneficenza, condotta dalla rinomata Casa d\u2019Aste Dorotheum\u2014una delle pi\u00f9 antiche e prestigiose al mondo, la cui tradizione trentennale garantisce il massimo livello di eccellenza.<\/p>\n<\/div><div class=\"bde-text-93-168 bde-text\">\nQuest\u2019anno stiamo dando forma a un\u2019esperienza altrettanto esclusiva, con l\u2019aggiunta della possibilit\u00e0 per l\u2019aggiudicatario di apporre la propria firma sull\u2019etichetta r\u00e9tro.\n<\/div><div class=\"bde-button-93-161 bde-button\">\n    \n                                    \n    \n    \n    \n    \n            \n                    \n            \n            \n\n    \n    \n    \n    \n    \n    <a class=\"breakdance-link button-atom button-atom--secondary bde-button__button\" href=\"mailto:info@winescrumariatheresia.com?subject=&body=\" target=\"_self\" data-type=\"contact\"  >\n\n    \n        <span class=\"button-atom__text\">PARTECIPA ALL\u2019ASTA, CONTATTACI<\/span>\n\n        \n        \n                <\/a>\n\n    \n\n\n<\/div><\/div>\n<\/section><section class=\"bde-section-93-169 bde-section\">\n  \n  \n\t\n\n\n\n<div class=\"section-container\"><div class=\"bde-grid-93-170 bde-grid\">\n  \n  \n\t\n\n\n\n<img decoding=\"async\" class=\"bde-image2-93-171 bde-image2\" src=\"https:\/\/winescrumariatheresia.com\/wp-content\/uploads\/2025\/09\/1234-1-1.jpg\" loading=\"lazy\" srcset=\"https:\/\/winescrumariatheresia.com\/wp-content\/uploads\/2025\/09\/1234-1-1.jpg 704w, https:\/\/winescrumariatheresia.com\/wp-content\/uploads\/2025\/09\/1234-1-1-300x213.jpg 300w\" sizes=\"(max-width: 704px) 100vw, 704px\"><img decoding=\"async\" class=\"bde-image2-93-175 bde-image2\" src=\"https:\/\/winescrumariatheresia.com\/wp-content\/uploads\/2025\/09\/1235-1.jpg\" loading=\"lazy\" srcset=\"https:\/\/winescrumariatheresia.com\/wp-content\/uploads\/2025\/09\/1235-1.jpg 752w, https:\/\/winescrumariatheresia.com\/wp-content\/uploads\/2025\/09\/1235-1-300x199.jpg 300w\" sizes=\"(max-width: 752px) 100vw, 752px\"><img decoding=\"async\" class=\"bde-image2-93-176 bde-image2\" src=\"https:\/\/winescrumariatheresia.com\/wp-content\/uploads\/2025\/09\/1236-1.jpg\" loading=\"lazy\" srcset=\"https:\/\/winescrumariatheresia.com\/wp-content\/uploads\/2025\/09\/1236-1.jpg 705w, https:\/\/winescrumariatheresia.com\/wp-content\/uploads\/2025\/09\/1236-1-300x213.jpg 300w\" sizes=\"(max-width: 705px) 100vw, 705px\">\n<\/div><\/div>\n<\/section><section class=\"bde-section-93-177 bde-section\">\n  \n  \n\t\n\n\n\n<div class=\"section-container\"><div class=\"bde-rich-text-93-178 bde-rich-text bde-preset-ebb0e78c-9fc9-4674-99af-5418d20cdb8e breakdance-rich-text-styles\">\n<p><span style=\"font-weight: 400;\">I fondi raccolti sostengono il restauro del Monastero Francescano di Castagnevizza, comprese le affreschi restaurati e la cantina conosciuta come la \u201cCantina dei Grandi Vini dell\u2019Amicizia e della Pace\u201d, il restauro di Palazzo Coronini Cronberg a Gorizia e la promozione del territorio vinicolo transfrontaliero.<\/span><\/p>\n<\/div><div class=\"bde-button-93-203 bde-button\">\n    \n                                    \n    \n    \n    \n    \n            \n                    \n            \n            \n\n    \n    \n    \n    \n    \n    <a class=\"breakdance-link button-atom button-atom--secondary bde-button__button\" href=\"https:\/\/winescrumariatheresia.com\/wp-content\/uploads\/2025\/10\/02-VIP-Degustation-Gala-dinner-and-Auction-CRU-MT_2025-1-scaled.jpg\" target=\"_blank\" data-type=\"url\"  >\n\n    \n        <span class=\"button-atom__text\">Prenesite si vabilo na dra\u017ebo<\/span>\n\n        \n        \n                <\/a>\n\n    \n\n\n<\/div><div id=\"rezervacija\" class=\"bde-div-93-200 bde-div\">\n  \n  \n\t\n\n\n\n<div class=\"bde-code-block-93-201 bde-code-block\">\n\n  <div class=\"pdf-container\">\n    <embed src=\"https:\/\/winescrumariatheresia.com\/wp-content\/uploads\/2025\/10\/Catalogue-auction-2025_CRU-Maria-Theresia-web.pdf\" type=\"application\/pdf\" width=\"100%\" height=\"100%\">\n<\/div>\n\n<style>\n.pdf-container {\n    width: 100%;\n    max-width: 100%;\n    height: 80vh;\n}\n<\/style>\n\n\n<\/div>\n<\/div><\/div>\n<\/section>","protected":false},"excerpt":{"rendered":"<p>Velika vina CRU klasifikacije Marije Terezije \u201cVina, ki pripovedujejo zgodbo dveh de\u017eel\u201d Vstopite v svet vrhunskih vin, ki nosijo pe\u010dat prve CRU klasifikacije na svetu, uvedene leta 1787 pod vodstvom in izro\u010dilu vladarice Marije Terezije. Ta zgodovinska klasifikacija, odkrita s strani zgodovinarja\u00a0Stefana Cosme, je prepoznala izjemno kakovost vinogradov Gori\u0161kih Brd, Collia, Collia Orientali, Spodnjega Poso\u010dja, [&hellip;]<\/p>","protected":false},"author":1,"featured_media":0,"parent":0,"menu_order":0,"comment_status":"closed","ping_status":"closed","template":"","meta":{"_breakdance_hide_in_design_set":false,"_breakdance_tags":"","footnotes":""},"class_list":["post-93","page","type-page","status-publish","hentry"],"_links":{"self":[{"href":"https:\/\/winescrumariatheresia.com\/it\/wp-json\/wp\/v2\/pages\/93","targetHints":{"allow":["GET"]}}],"collection":[{"href":"https:\/\/winescrumariatheresia.com\/it\/wp-json\/wp\/v2\/pages"}],"about":[{"href":"https:\/\/winescrumariatheresia.com\/it\/wp-json\/wp\/v2\/types\/page"}],"author":[{"embeddable":true,"href":"https:\/\/winescrumariatheresia.com\/it\/wp-json\/wp\/v2\/users\/1"}],"replies":[{"embeddable":true,"href":"https:\/\/winescrumariatheresia.com\/it\/wp-json\/wp\/v2\/comments?post=93"}],"version-history":[{"count":79,"href":"https:\/\/winescrumariatheresia.com\/it\/wp-json\/wp\/v2\/pages\/93\/revisions"}],"predecessor-version":[{"id":492,"href":"https:\/\/winescrumariatheresia.com\/it\/wp-json\/wp\/v2\/pages\/93\/revisions\/492"}],"wp:attachment":[{"href":"https:\/\/winescrumariatheresia.com\/it\/wp-json\/wp\/v2\/media?parent=93"}],"curies":[{"name":"wp","href":"https:\/\/api.w.org\/{rel}","templated":true}]}}