{"id":93,"date":"2025-09-03T11:45:43","date_gmt":"2025-09-03T11:45:43","guid":{"rendered":"https:\/\/winescrumariatheresia.com\/?page_id=93"},"modified":"2025-10-24T07:08:56","modified_gmt":"2025-10-24T07:08:56","slug":"velika-vina-cru-klasifikacije-marije-terezije","status":"publish","type":"page","link":"https:\/\/winescrumariatheresia.com\/en\/velika-vina-cru-klasifikacije-marije-terezije\/","title":{"rendered":"Great Wines of Empress-Queen <br>Maria Theresa CRU Classification"},"content":{"rendered":"<section class=\"bde-section-93-100 bde-section\">\n  \n  \n\t\n\n\n\n<div class=\"section-container\"><div class=\"bde-columns-93-106 bde-columns\"><div class=\"bde-column-93-107 bde-column\">\n  \n  \n\t\n\n\n\n<h1 class=\"bde-heading-93-101 bde-heading bde-preset-2af27171-1ad8-4201-a99d-bd2add07e24f\">\nGreat Wines of Empress-Queen <br>Maria Theresa CRU Classification\n<\/h1><div class=\"bde-text-93-102 bde-text\">\n\u201cWines that tell a story of two lands\u201d\n<\/div>\n<\/div><div class=\"bde-column-93-108 bde-column\">\n  \n  \n\t\n\n\n\n<img decoding=\"async\" class=\"bde-image2-93-109 bde-image2\" src=\"https:\/\/winescrumariatheresia.com\/wp-content\/uploads\/2025\/09\/steklenica-1.png\" loading=\"lazy\" srcset=\"https:\/\/winescrumariatheresia.com\/wp-content\/uploads\/2025\/09\/steklenica-1.png 822w, https:\/\/winescrumariatheresia.com\/wp-content\/uploads\/2025\/09\/steklenica-1-203x300.png 203w, https:\/\/winescrumariatheresia.com\/wp-content\/uploads\/2025\/09\/steklenica-1-692x1024.png 692w, https:\/\/winescrumariatheresia.com\/wp-content\/uploads\/2025\/09\/steklenica-1-768x1137.png 768w\" sizes=\"(max-width: 822px) 100vw, 822px\">\n<\/div><\/div><\/div>\n<\/section><section class=\"bde-section-93-110 bde-section\">\n  \n  \n\t\n\n\n\n<div class=\"section-container\"><div class=\"bde-text-93-111 bde-text bde-preset-7942a96c-82f9-49c0-a7aa-a72c1b8ff092\">\nStep into a world of exceptional wines, shaped by the legacy of the world\u2019s first CRU classification, introduced in 1787, guided by the vision of Empress-Queen Maria Theresa. \n<\/div><div class=\"bde-rich-text-93-112 bde-rich-text bde-preset-ebb0e78c-9fc9-4674-99af-5418d20cdb8e breakdance-rich-text-styles\">\n<p><span style=\"font-weight: 400;\">This historic classification, uncovered by historian\u00a0<strong>Stefano Cosma,<\/strong>recognized the exceptional quality of the vineyards of Collio, Colli Orientali, Gori\u0161ka Brda, Lower So\u010da Valley, Vipava Valley, Aquileia, and Karst\u2014almost a century before Burgundy. Today, the wines produced on these sites are the pride of\u00a0<strong>the Association of the Cru Classification of Empress-Queen Maria Theresa<\/strong>, bringing together the most eminent winemakers from Slovenia and Italy in a shared vision of friendship, peace, and excellence.\u00a0<\/span><\/p>\n<\/div><div class=\"bde-columns-93-113 bde-columns\"><div class=\"bde-column-93-114 bde-column\">\n  \n  \n\t\n\n\n\n<img decoding=\"async\" class=\"bde-image2-93-116 bde-image2\" src=\"https:\/\/winescrumariatheresia.com\/wp-content\/uploads\/2025\/09\/foto-plakat-1.jpg\" loading=\"lazy\" srcset=\"https:\/\/winescrumariatheresia.com\/wp-content\/uploads\/2025\/09\/foto-plakat-1.jpg 796w, https:\/\/winescrumariatheresia.com\/wp-content\/uploads\/2025\/09\/foto-plakat-1-300x199.jpg 300w, https:\/\/winescrumariatheresia.com\/wp-content\/uploads\/2025\/09\/foto-plakat-1-768x509.jpg 768w\" sizes=\"(max-width: 796px) 100vw, 796px\">\n<\/div><div class=\"bde-column-93-115 bde-column\">\n  \n  \n\t\n\n\n\n<img decoding=\"async\" class=\"bde-image2-93-117 bde-image2\" src=\"https:\/\/winescrumariatheresia.com\/wp-content\/uploads\/2025\/09\/foto-kozarec-1.jpg\" loading=\"lazy\" srcset=\"https:\/\/winescrumariatheresia.com\/wp-content\/uploads\/2025\/09\/foto-kozarec-1.jpg 796w, https:\/\/winescrumariatheresia.com\/wp-content\/uploads\/2025\/09\/foto-kozarec-1-300x199.jpg 300w, https:\/\/winescrumariatheresia.com\/wp-content\/uploads\/2025\/09\/foto-kozarec-1-768x509.jpg 768w\" sizes=\"(max-width: 796px) 100vw, 796px\"><img decoding=\"async\" class=\"bde-image2-93-118 bde-image2\" src=\"https:\/\/winescrumariatheresia.com\/wp-content\/uploads\/2025\/09\/04_logo_Maria_terezia_label_1787-02-1.png\" loading=\"lazy\" srcset=\"https:\/\/winescrumariatheresia.com\/wp-content\/uploads\/2025\/09\/04_logo_Maria_terezia_label_1787-02-1.png 473w, https:\/\/winescrumariatheresia.com\/wp-content\/uploads\/2025\/09\/04_logo_Maria_terezia_label_1787-02-1-300x300.png 300w, https:\/\/winescrumariatheresia.com\/wp-content\/uploads\/2025\/09\/04_logo_Maria_terezia_label_1787-02-1-150x150.png 150w\" sizes=\"(max-width: 473px) 100vw, 473px\">\n<\/div><\/div><div class=\"bde-div-93-121 bde-div\">\n  \n  \n\t\n\n\n\n<div class=\"bde-rich-text-93-119 bde-rich-text bde-preset-ebb0e78c-9fc9-4674-99af-5418d20cdb8e breakdance-rich-text-styles\">\n<p>Our wines are born from mineral-rich marlstone, a mild Mediterranean climate with warm days and cool nights, and centuries of winemaking tradition. Chardonnay, Rebula, Friulano-Jakot, Malvasia, Pinot Noir, Refosco, and Merlot are just some of the varieties that enchant with their elegance, minerality, complexity, and unique character. Each wine tells a story of cross-border collaboration, where the finest Slovenian and Italian winemakers unite their knowledge and passion to craft masterpieces worthy of an imperial heritage.<\/p>\n<\/div><div class=\"bde-rich-text-93-122 bde-rich-text bde-preset-ebb0e78c-9fc9-4674-99af-5418d20cdb8e breakdance-rich-text-styles\">\n<p>Each of these wines is crafted with love and respect for the land, first recognized as exceptional by Empress-Queen Maria Theresa.<\/p>\n<\/div><div class=\"bde-text-93-124 bde-text bde-preset-faebfa17-b02a-48b0-88b1-f511c1505395\">\nVisit our Cellar of Great Wines of Friendship and Peace at the Franciscan Monastery of Kostanjevica, where you can taste these wines and purchase them as a keepsake of an unforgettable experience in one of the world\u2019s finest wine regions.\n<\/div><div class=\"bde-button-93-125 bde-button\">\n    \n                                    \n    \n    \n    \n    \n            \n                    \n            \n            \n\n    \n    \n    \n    \n    \n    <a class=\"breakdance-link button-atom button-atom--secondary bde-button__button\" href=\"\/en\/rezervacija\/#rezervacija\" target=\"_blank\" data-type=\"url\"  >\n\n    \n        <span class=\"button-atom__text\">BOOK YOUR EXPERIENCE<\/span>\n\n        \n        \n                <\/a>\n\n    \n\n\n<\/div>\n<\/div><\/div>\n<\/section><section class=\"bde-section-93-126 bde-section\">\n  \n  \n\t\n\n\n\n<div class=\"section-container\"><img decoding=\"async\" class=\"bde-image2-93-127 bde-image2\" src=\"https:\/\/winescrumariatheresia.com\/wp-content\/uploads\/2025\/09\/Layer_2-1.png\" loading=\"lazy\" srcset=\"https:\/\/winescrumariatheresia.com\/wp-content\/uploads\/2025\/09\/Layer_2-1.png 1905w, https:\/\/winescrumariatheresia.com\/wp-content\/uploads\/2025\/09\/Layer_2-1-300x102.png 300w, https:\/\/winescrumariatheresia.com\/wp-content\/uploads\/2025\/09\/Layer_2-1-1024x348.png 1024w, https:\/\/winescrumariatheresia.com\/wp-content\/uploads\/2025\/09\/Layer_2-1-768x261.png 768w, https:\/\/winescrumariatheresia.com\/wp-content\/uploads\/2025\/09\/Layer_2-1-1536x522.png 1536w\" sizes=\"(max-width: 1905px) 100vw, 1905px\"><\/div>\n<\/section><section class=\"bde-section-93-128 bde-section\">\n  \n  \n\t\n\n\n\n<div class=\"section-container\"><h1 class=\"bde-heading-93-129 bde-heading\">\nCharity Auction: Where Tradition Meets Excellent Wines and Philanthropy\n<\/h1><div class=\"bde-rich-text-93-130 bde-rich-text bde-preset-ebb0e78c-9fc9-4674-99af-5418d20cdb8e breakdance-rich-text-styles\">\n<p>Every October, <strong>the Franciscan Monastery of Kostanjevica<\/strong> comes alive with the region\u2019s most prestigious event \u2013 the charity auction of the wines of Empress-Queen Maria Theresa\u2019s CRU Classification. From <strong>23 to 25 October 2025<\/strong> , it will be held for the fourth time. Selected winemakers contribute a 225-liter oak barrel (300 bottles) of wine from their finest vineyards, classified as CRU sites under Maria Theresa\u2019s historic classification. These wines, approved by a special committee, are the fruit of centuries-old tradition and an exceptional terroir, where marlstone and the mild Mediterranean climate create unparalleled flavors.\u00a0<\/p>\n<\/div><\/div>\n<\/section><section class=\"bde-section-93-131 bde-section\">\n  \n  \n\t\n\n\n\n<div class=\"section-container\"><div class=\"bde-div-93-132 bde-div\">\n  \n  \n\t\n\n\n\n<img decoding=\"async\" class=\"bde-image2-93-133 bde-image2\" src=\"https:\/\/winescrumariatheresia.com\/wp-content\/uploads\/2025\/09\/okrasna-crta.svg\" loading=\"lazy\" sizes=\"(max-width: 36px) 100vw, 36px\"><div class=\"bde-text-93-135 bde-text bde-preset-7942a96c-82f9-49c0-a7aa-a72c1b8ff092\">\nHow Are the Auction Wines Born?\u2028\n<\/div><img decoding=\"async\" class=\"bde-image2-93-134 bde-image2\" src=\"https:\/\/winescrumariatheresia.com\/wp-content\/uploads\/2025\/09\/okrasna-crta-1.svg\" loading=\"lazy\" sizes=\"(max-width: 36px) 100vw, 36px\">\n<\/div><div class=\"bde-text-93-140 bde-text\">\n A process faithful to the legacy of Empress-Queen Maria Theresa.\n<\/div><div class=\"bde-columns-93-136 bde-columns\"><div class=\"bde-column-93-137 bde-column\">\n  \n  \n\t\n\n\n\n<div class=\"bde-text-93-142 bde-text\">\nPRODUCTION\n<\/div><div class=\"bde-text-93-144 bde-text\">\nEach wine is born from a single grape variety, grown in carefully selected CRU sites, honoring the legacy of Empress-Queen Maria Theresa.\n<\/div><div class=\"bde-text-93-145 bde-text\">\nCultivated using organic and biodynamic methods and yields limited to no more than 60 hl\/ha, these wines preserve the pure essence and authenticity of the land.\u00a0\n<\/div>\n<\/div><div class=\"bde-column-93-138 bde-column\">\n  \n  \n\t\n\n\n\n<img decoding=\"async\" class=\"bde-image2-93-148 bde-image2\" src=\"https:\/\/winescrumariatheresia.com\/wp-content\/uploads\/2025\/09\/ozadje-slika-1-1.png\" loading=\"lazy\" srcset=\"https:\/\/winescrumariatheresia.com\/wp-content\/uploads\/2025\/09\/ozadje-slika-1-1.png 1283w, https:\/\/winescrumariatheresia.com\/wp-content\/uploads\/2025\/09\/ozadje-slika-1-1-286x300.png 286w, https:\/\/winescrumariatheresia.com\/wp-content\/uploads\/2025\/09\/ozadje-slika-1-1-975x1024.png 975w, https:\/\/winescrumariatheresia.com\/wp-content\/uploads\/2025\/09\/ozadje-slika-1-1-768x806.png 768w, https:\/\/winescrumariatheresia.com\/wp-content\/uploads\/2025\/09\/ozadje-slika-1-1-11x12.png 11w\" sizes=\"(max-width: 1283px) 100vw, 1283px\">\n<\/div><div class=\"bde-column-93-139 bde-column\">\n  \n  \n\t\n\n\n\n<div class=\"bde-text-93-143 bde-text\">\nAGING\n<\/div><div class=\"bde-text-93-146 bde-text\">\n12 months of maturation in oak barrels.\n<\/div><div class=\"bde-text-93-147 bde-text\">\n\u20286 months of maturation in stainless steel tanks.\n<\/div>\n<\/div><\/div><div class=\"bde-text-93-149 bde-text\">\n300 numbered Burgundy bottles, each bearing their signature on an exclusive commemorative label, specially designed for this occasion, and featuring the Contea emblem.\n<\/div><\/div>\n<\/section><section class=\"bde-section-93-150 bde-section\">\n  \n  \n\t\n\n\n\n<div class=\"section-container\"><div class=\"bde-text-93-151 bde-text bde-preset-7942a96c-82f9-49c0-a7aa-a72c1b8ff092\">\nAssociation of the CRU classification\n<\/div><div class=\"bde-rich-text-93-152 bde-rich-text bde-preset-ebb0e78c-9fc9-4674-99af-5418d20cdb8e breakdance-rich-text-styles\">\n<p>Association of the CRU classification of Empress-Queen Maria Theresa is a cross-border initiative uniting winemakers from the Gorizia wine region, Gori\u0161ka Brda, and Collio, preserving the legacy of the first CRU classification from 1787. United in the spirit of friendship and peace, the winemakers continue Maria Theresa\u2019s tradition, producing exceptional wines that inspire the world. Each year, they organize an exclusive charity auction, offering a barrel (300 bottles) of their finest wines, with the proceeds supporting various charitable initiatives. Among the distinguished members of the association, who combine a passion for winemaking excellence with historical heritage, are:<\/p>\n<\/div><div class=\"bde-rich-text-93-202 bde-rich-text breakdance-rich-text-styles\">\n<ul><li style=\"font-weight: 400;\" aria-level=\"1\"><span style=\"font-weight: 400;\">ATTEMS - FRESCOBALDI\u00a0<\/span><\/li><li style=\"font-weight: 400;\" aria-level=\"1\"><span style=\"font-weight: 400;\">AZ. AGRICOLA ROCCA BERNARDA\u00a0<\/span><\/li><li style=\"font-weight: 400;\" aria-level=\"1\"><span style=\"font-weight: 400;\">BARONE RITTER DE ZA\u0301HONY\u00a0<\/span><\/li><li style=\"font-weight: 400;\" aria-level=\"1\"><span style=\"font-weight: 400;\">CANTINA SANZIN\u00a0<\/span><\/li><li style=\"font-weight: 400;\" aria-level=\"1\"><span style=\"font-weight: 400;\">CAROLINA JAKON\u010cI\u010c WINERY\u00a0<\/span><\/li><li style=\"font-weight: 400;\" aria-level=\"1\"><span style=\"font-weight: 400;\">CASTELLO DI SPESSA\u00a0<\/span><\/li><li style=\"font-weight: 400;\" aria-level=\"1\"><span style=\"font-weight: 400;\">DOMA\u010cIJA MEDOT\u00a0<\/span><\/li><li style=\"font-weight: 400;\" aria-level=\"1\"><span style=\"font-weight: 400;\">FONDAZIONE VILLA RUSSIZ\u00a0<\/span><\/li><li style=\"font-weight: 400;\" aria-level=\"1\"><span style=\"font-weight: 400;\">KLET BRDA\u00a0<\/span><\/li><li style=\"font-weight: 400;\" aria-level=\"1\"><span style=\"font-weight: 400;\">KMETIJA PRIN\u010cI\u010c - TOMA\u017d PRIN\u010cI\u010c<\/span><\/li><li style=\"font-weight: 400;\" aria-level=\"1\"><span style=\"font-weight: 400;\">KORSI\u010c WINES\u00a0<\/span><\/li><li style=\"font-weight: 400;\" aria-level=\"1\"><span style=\"font-weight: 400;\">KRISTAN\u010cI\u010c IZ MEDANE\u00a0<\/span><\/li><li style=\"font-weight: 400;\" aria-level=\"1\"><span style=\"font-weight: 400;\">LUCIO BERNOT - CASA DELLE ROSE\u00a0<\/span><\/li><li style=\"font-weight: 400;\" aria-level=\"1\"><span style=\"font-weight: 400;\">MARJAN SIM\u010cI\u010c DOMAINE\u00a0<\/span><\/li><li style=\"font-weight: 400;\" aria-level=\"1\"><span style=\"font-weight: 400;\">NEBO WINERY\u00a0<\/span><\/li><li style=\"font-weight: 400;\" aria-level=\"1\"><span style=\"font-weight: 400;\">NONINO DISTILLATORI\u00a0<\/span><\/li><li style=\"font-weight: 400;\" aria-level=\"1\"><span style=\"font-weight: 400;\">POSESTVO BURJA - PRIMO\u017d LAVREN\u010cI\u010c<\/span><\/li><li style=\"font-weight: 400;\" aria-level=\"1\"><span style=\"font-weight: 400;\">ROKOVI VINOGRADI - ANDREJ SIRK\u00a0<\/span><\/li><li style=\"font-weight: 400;\" aria-level=\"1\"><span style=\"font-weight: 400;\">SUBIDA DI MONTE\u00a0<\/span><\/li><li style=\"font-weight: 400;\" aria-level=\"1\"><span style=\"font-weight: 400;\">SYLVMANN\u00a0<\/span><\/li><li style=\"font-weight: 400;\" aria-level=\"1\"><span style=\"font-weight: 400;\">VALTER SIRK\u00a0<\/span><\/li><li style=\"font-weight: 400;\" aria-level=\"1\"><span style=\"font-weight: 400;\">VINA LEBAN\u00a0<\/span><\/li><li style=\"font-weight: 400;\" aria-level=\"1\"><span style=\"font-weight: 400;\">VINA \u0160TEKAR<\/span><\/li><li style=\"font-weight: 400;\" aria-level=\"1\"><span style=\"font-weight: 400;\">VINI NO\u00dcE MARINI\u010c<\/span><\/li><li style=\"font-weight: 400;\" aria-level=\"1\"><span style=\"font-weight: 400;\">ZAROVA\u00a0<\/span><\/li><\/ul>\n<\/div><\/div>\n<\/section><section class=\"bde-section-93-153 bde-section\">\n  \n  \n\t\n\n\n\n<div class=\"section-container\"><div class=\"bde-grid-93-154 bde-grid\">\n  \n  \n\t\n\n\n\n<img decoding=\"async\" class=\"bde-image2-93-155 bde-image2\" src=\"https:\/\/winescrumariatheresia.com\/wp-content\/uploads\/2025\/09\/slika-tocenje-vina-1.jpg\" loading=\"lazy\" srcset=\"https:\/\/winescrumariatheresia.com\/wp-content\/uploads\/2025\/09\/slika-tocenje-vina-1.jpg 680w, https:\/\/winescrumariatheresia.com\/wp-content\/uploads\/2025\/09\/slika-tocenje-vina-1-300x200.jpg 300w\" sizes=\"(max-width: 680px) 100vw, 680px\"><div class=\"bde-div-93-157 bde-div\">\n  \n  \n\t\n\n\n\n<div class=\"bde-text-93-158 bde-text bde-preset-7942a96c-82f9-49c0-a7aa-a72c1b8ff092\">\nSelected Wines of the Auction\n<\/div><div class=\"bde-rich-text-93-159 bde-rich-text bde-preset-ebb0e78c-9fc9-4674-99af-5418d20cdb8e breakdance-rich-text-styles\">\n<p>These wines showcase diversity and elegance: white wines enchant with floral notes and minerality, while red wines offer depth and velvety smoothness. Limited series from exceptional vintages add collectible value that attracts connoisseurs worldwide.<\/p>\n<\/div>\n<\/div><img decoding=\"async\" class=\"bde-image2-93-156 bde-image2\" src=\"https:\/\/winescrumariatheresia.com\/wp-content\/uploads\/2025\/09\/slika-sodi-1-e1756909668243.jpg\" loading=\"lazy\" srcset=\"https:\/\/winescrumariatheresia.com\/wp-content\/uploads\/2025\/09\/slika-sodi-1-e1756909668243.jpg 639w, https:\/\/winescrumariatheresia.com\/wp-content\/uploads\/2025\/09\/slika-sodi-1-e1756909668243-300x208.jpg 300w\" sizes=\"(max-width: 639px) 100vw, 639px\">\n<\/div><\/div>\n<\/section><section class=\"bde-section-93-160 bde-section\">\n  \n  \n\t\n\n\n\n<div class=\"section-container\"><div class=\"bde-div-93-162 bde-div\">\n  \n  \n\t\n\n\n\n<img decoding=\"async\" class=\"bde-image2-93-163 bde-image2\" src=\"https:\/\/winescrumariatheresia.com\/wp-content\/uploads\/2025\/09\/okrasna-crta.svg\" loading=\"lazy\" sizes=\"(max-width: 36px) 100vw, 36px\"><div class=\"bde-text-93-164 bde-text bde-preset-7942a96c-82f9-49c0-a7aa-a72c1b8ff092\">\nHow Does the Auction Unfold?\n<\/div><img decoding=\"async\" class=\"bde-image2-93-165 bde-image2\" src=\"https:\/\/winescrumariatheresia.com\/wp-content\/uploads\/2025\/09\/okrasna-crta-1.svg\" loading=\"lazy\" sizes=\"(max-width: 36px) 100vw, 36px\">\n<\/div><div class=\"bde-rich-text-93-166 bde-rich-text bde-preset-ebb0e78c-9fc9-4674-99af-5418d20cdb8e breakdance-rich-text-styles\">\n<p>Last year\u2019s auction opened with a ceremonial welcome in the cellar, followed by a rich tasting of selected wines and an elegant gala dinner, where bonds were forged between winemakers and guests. It reached its peak the next day with the charity auction, conducted by the renowned Dorotheum Auction House\u2014one of the oldest and most prestigious in the world, whose 300-year tradition and reputation ensure the highest level of excellence.<\/p>\n<\/div><div class=\"bde-text-93-168 bde-text\">\nThis year, we are shaping a similarly exclusive experience, with the added opportunity for the winning bidder to place their signature on the retro label.\n<\/div><div class=\"bde-button-93-161 bde-button\">\n    \n                                    \n    \n    \n    \n    \n            \n                    \n            \n            \n\n    \n    \n    \n    \n    \n    <a class=\"breakdance-link button-atom button-atom--secondary bde-button__button\" href=\"mailto:info@winescrumariatheresia.com?subject=&body=\" target=\"_self\" data-type=\"contact\"  >\n\n    \n        <span class=\"button-atom__text\">JOIN THE AUCTION, CONTACT US<\/span>\n\n        \n        \n                <\/a>\n\n    \n\n\n<\/div><\/div>\n<\/section><section class=\"bde-section-93-169 bde-section\">\n  \n  \n\t\n\n\n\n<div class=\"section-container\"><div class=\"bde-grid-93-170 bde-grid\">\n  \n  \n\t\n\n\n\n<img decoding=\"async\" class=\"bde-image2-93-171 bde-image2\" src=\"https:\/\/winescrumariatheresia.com\/wp-content\/uploads\/2025\/09\/1234-1-1.jpg\" loading=\"lazy\" srcset=\"https:\/\/winescrumariatheresia.com\/wp-content\/uploads\/2025\/09\/1234-1-1.jpg 704w, https:\/\/winescrumariatheresia.com\/wp-content\/uploads\/2025\/09\/1234-1-1-300x213.jpg 300w\" sizes=\"(max-width: 704px) 100vw, 704px\"><img decoding=\"async\" class=\"bde-image2-93-175 bde-image2\" src=\"https:\/\/winescrumariatheresia.com\/wp-content\/uploads\/2025\/09\/1235-1.jpg\" loading=\"lazy\" srcset=\"https:\/\/winescrumariatheresia.com\/wp-content\/uploads\/2025\/09\/1235-1.jpg 752w, https:\/\/winescrumariatheresia.com\/wp-content\/uploads\/2025\/09\/1235-1-300x199.jpg 300w\" sizes=\"(max-width: 752px) 100vw, 752px\"><img decoding=\"async\" class=\"bde-image2-93-176 bde-image2\" src=\"https:\/\/winescrumariatheresia.com\/wp-content\/uploads\/2025\/09\/1236-1.jpg\" loading=\"lazy\" srcset=\"https:\/\/winescrumariatheresia.com\/wp-content\/uploads\/2025\/09\/1236-1.jpg 705w, https:\/\/winescrumariatheresia.com\/wp-content\/uploads\/2025\/09\/1236-1-300x213.jpg 300w\" sizes=\"(max-width: 705px) 100vw, 705px\">\n<\/div><\/div>\n<\/section><section class=\"bde-section-93-177 bde-section\">\n  \n  \n\t\n\n\n\n<div class=\"section-container\"><div class=\"bde-rich-text-93-178 bde-rich-text bde-preset-ebb0e78c-9fc9-4674-99af-5418d20cdb8e breakdance-rich-text-styles\">\n<p><span style=\"font-weight: 400;\">The funds raised support the restoration of the Franciscan Monastery of Kostanjevica, including the renovated frescoes and the wine cellar known as the \u201cCellar of Great Wines of Friendship and Peace,\u201d the restoration of the Coronini Cronberg Palace in Gorizia, and the promotion of the cross-border wine territory.<\/span><\/p>\n<\/div><div class=\"bde-button-93-203 bde-button\">\n    \n                                    \n    \n    \n    \n    \n            \n                    \n            \n            \n\n    \n    \n    \n    \n    \n    <a class=\"breakdance-link button-atom button-atom--secondary bde-button__button\" href=\"https:\/\/winescrumariatheresia.com\/wp-content\/uploads\/2025\/10\/02-VIP-Degustation-Gala-dinner-and-Auction-CRU-MT_2025-1-scaled.jpg\" target=\"_blank\" data-type=\"url\"  >\n\n    \n        <span class=\"button-atom__text\">Prenesite si vabilo na dra\u017ebo<\/span>\n\n        \n        \n                <\/a>\n\n    \n\n\n<\/div><div id=\"rezervacija\" class=\"bde-div-93-200 bde-div\">\n  \n  \n\t\n\n\n\n<div class=\"bde-code-block-93-201 bde-code-block\">\n\n  <div class=\"pdf-container\">\n    <embed src=\"https:\/\/winescrumariatheresia.com\/wp-content\/uploads\/2025\/10\/Catalogue-auction-2025_CRU-Maria-Theresia-web.pdf\" type=\"application\/pdf\" width=\"100%\" height=\"100%\">\n<\/div>\n\n<style>\n.pdf-container {\n    width: 100%;\n    max-width: 100%;\n    height: 80vh;\n}\n<\/style>\n\n\n<\/div>\n<\/div><\/div>\n<\/section>","protected":false},"excerpt":{"rendered":"<p>Velika vina CRU klasifikacije Marije Terezije \u201cVina, ki pripovedujejo zgodbo dveh de\u017eel\u201d Vstopite v svet vrhunskih vin, ki nosijo pe\u010dat prve CRU klasifikacije na svetu, uvedene leta 1787 pod vodstvom in izro\u010dilu vladarice Marije Terezije. Ta zgodovinska klasifikacija, odkrita s strani zgodovinarja\u00a0Stefana Cosme, je prepoznala izjemno kakovost vinogradov Gori\u0161kih Brd, Collia, Collia Orientali, Spodnjega Poso\u010dja, [&hellip;]<\/p>","protected":false},"author":1,"featured_media":0,"parent":0,"menu_order":0,"comment_status":"closed","ping_status":"closed","template":"","meta":{"_breakdance_hide_in_design_set":false,"_breakdance_tags":"","footnotes":""},"class_list":["post-93","page","type-page","status-publish","hentry"],"_links":{"self":[{"href":"https:\/\/winescrumariatheresia.com\/en\/wp-json\/wp\/v2\/pages\/93","targetHints":{"allow":["GET"]}}],"collection":[{"href":"https:\/\/winescrumariatheresia.com\/en\/wp-json\/wp\/v2\/pages"}],"about":[{"href":"https:\/\/winescrumariatheresia.com\/en\/wp-json\/wp\/v2\/types\/page"}],"author":[{"embeddable":true,"href":"https:\/\/winescrumariatheresia.com\/en\/wp-json\/wp\/v2\/users\/1"}],"replies":[{"embeddable":true,"href":"https:\/\/winescrumariatheresia.com\/en\/wp-json\/wp\/v2\/comments?post=93"}],"version-history":[{"count":79,"href":"https:\/\/winescrumariatheresia.com\/en\/wp-json\/wp\/v2\/pages\/93\/revisions"}],"predecessor-version":[{"id":492,"href":"https:\/\/winescrumariatheresia.com\/en\/wp-json\/wp\/v2\/pages\/93\/revisions\/492"}],"wp:attachment":[{"href":"https:\/\/winescrumariatheresia.com\/en\/wp-json\/wp\/v2\/media?parent=93"}],"curies":[{"name":"wp","href":"https:\/\/api.w.org\/{rel}","templated":true}]}}