{"id":58,"date":"2025-09-03T10:50:42","date_gmt":"2025-09-03T10:50:42","guid":{"rendered":"https:\/\/winescrumariatheresia.com\/?page_id=58"},"modified":"2025-09-29T10:03:35","modified_gmt":"2025-09-29T10:03:35","slug":"vinska-klet-velikih-vin-prijateljstva-in-miru","status":"publish","type":"page","link":"https:\/\/winescrumariatheresia.com\/en\/vinska-klet-velikih-vin-prijateljstva-in-miru\/","title":{"rendered":"The Cellar of Great Wines <br>of Friendship and Peace"},"content":{"rendered":"<section class=\"bde-section-58-100 bde-section\">\n  \n  \n\t\n\n\n\n<div class=\"section-container\"><h1 class=\"bde-heading-58-101 bde-heading bde-preset-24074eeb-e3f3-43f8-98cf-b20c815db503\">\nThe Cellar of Great Wines <br>of Friendship and Peace\n<\/h1><div class=\"bde-text-58-104 bde-text bde-preset-19d8564c-2728-4efd-b595-33f3d10f60c8\">\nDiscover the historic treasure: the Cellar of Great Wines of Friendship and Peace\n<\/div><div class=\"bde-div-58-105 bde-div\">\n  \n  \n\t\n\n\n\n<div class=\"bde-button-58-106 bde-button\">\n    \n                                    \n    \n    \n    \n    \n            \n                    \n            \n            \n\n    \n    \n    \n    \n    \n    <a class=\"breakdance-link button-atom button-atom--primary bde-button__button\" href=\"#rezervacija\" target=\"_blank\" data-type=\"url\"  >\n\n    \n        <span class=\"button-atom__text\">BOOK YOUR EXPERIENCE<\/span>\n\n        \n        \n                <\/a>\n\n    \n\n\n<\/div><div class=\"bde-button-58-107 bde-button\">\n    \n                                    \n    \n    \n    \n    \n            \n                    \n            \n            \n\n    \n    \n    \n    \n    \n    <a class=\"breakdance-link button-atom button-atom--secondary bde-button__button\" href=\"\/en\/rezervacija\/\" target=\"_blank\" data-type=\"url\"  >\n\n    \n        <span class=\"button-atom__text\">WINE TASTINGS<\/span>\n\n        \n        \n                <\/a>\n\n    \n\n\n<\/div>\n<\/div><\/div>\n<\/section><section class=\"bde-section-58-108 bde-section\">\n  \n  \n\t\n\n\n\n<div class=\"section-container\"><h1 class=\"bde-dual-heading-58-110 bde-dual-heading\">\n\n\n            <span data-style=\"primary\" class=\"dual-heading--primary\">Where <\/span>\n\n            <span data-style=\"secondary\" class=\"dual-heading--secondary\">history <\/span>\n\n            <span data-style=\"primary\" class=\"dual-heading--primary\">meets <\/span>\n\n            <span data-style=\"secondary\" class=\"dual-heading--secondary\">exclusivity<\/span>\n\n\n\n<\/h1><div class=\"bde-rich-text-58-112 bde-rich-text bde-preset-ebb0e78c-9fc9-4674-99af-5418d20cdb8e breakdance-rich-text-styles\">\n<p>In the heart of the <strong>Franciscan Monastery of Kostanjevica<\/strong> perched on a picturesque hill above Nova Gorica,<br \/><strong>The Cellar of Great Wines <br>of Friendship and Peace<\/strong> can be found \u2013 a place where centuries of tradition intertwine with refined flavors. Built in the 17th century and renovated in 2025, it combines historic charm with contemporary elegance.<\/p>\n<\/div><img decoding=\"async\" class=\"bde-image2-58-113 bde-image2\" src=\"https:\/\/winescrumariatheresia.com\/wp-content\/uploads\/2025\/09\/slika-samostan-1.png\" loading=\"lazy\" srcset=\"https:\/\/winescrumariatheresia.com\/wp-content\/uploads\/2025\/09\/slika-samostan-1.png 2137w, https:\/\/winescrumariatheresia.com\/wp-content\/uploads\/2025\/09\/slika-samostan-1-300x247.png 300w, https:\/\/winescrumariatheresia.com\/wp-content\/uploads\/2025\/09\/slika-samostan-1-1024x843.png 1024w, https:\/\/winescrumariatheresia.com\/wp-content\/uploads\/2025\/09\/slika-samostan-1-768x633.png 768w, https:\/\/winescrumariatheresia.com\/wp-content\/uploads\/2025\/09\/slika-samostan-1-1536x1265.png 1536w, https:\/\/winescrumariatheresia.com\/wp-content\/uploads\/2025\/09\/slika-samostan-1-2048x1687.png 2048w\" sizes=\"(max-width: 2137px) 100vw, 2137px\"><div class=\"bde-rich-text-58-114 bde-rich-text breakdance-rich-text-styles\">\n<p><span style=\"font-weight: 400;\">Beneath the ancient stone vaults, where the legacy of Empress-Queen Maria Theresa permeates, you can taste wines crafted according to the standards of the world\u2019s first CRU classification from 1787. This classification, discovered in the archives of the Counts Formentini and Attems, laid the foundations of European winemaking nearly a century before Burgundy. The wines-originating from the vineyards of Collio, Colli Orientali, Gori\u0161ka Brda, Lower So\u010da Valley, Vipava Valley, Aquileia, and Karst -are the fruit of the passion of\u00a0<strong>the Association of the Cru Classification of Empress-Queen Maria Theresa,<\/strong>uniting eminent winemakers from Slovenia and Italy in the spirit of friendship and peace.<\/span><\/p>\n<\/div><div class=\"bde-text-58-115 bde-text bde-preset-ea8d4b58-924d-4f18-84ed-c59be8c05f6d\">\nEvery sip in our cellar is a journey\u2013from the mineral-rich marl that shapes exceptional flavors to the cross-border story that unites two lands. Join us and discover why this cellar is the heart of the region\u2019s winemaking heritage.\n<\/div><div class=\"bde-button-58-116 bde-button\">\n    \n                                    \n    \n    \n    \n    \n            \n                    \n            \n            \n\n    \n    \n    \n    \n    \n    <a class=\"breakdance-link button-atom button-atom--secondary bde-button__button\" href=\"#rezervacija\" target=\"_blank\" data-type=\"url\"  >\n\n    \n        <span class=\"button-atom__text\">BOOK YOUR EXPERIENCE<\/span>\n\n        \n        \n                <\/a>\n\n    \n\n\n<\/div><\/div>\n<\/section><section class=\"bde-section-58-117 bde-section\">\n  \n  \n\t\n\n\n\n<div class=\"section-container\"><h1 class=\"bde-heading-58-118 bde-heading bde-preset-bab6ec39-1221-48d2-b756-12a98fca5053\">\nWhy visit our cellar?\u2028 <br>Because every glass tells a story.\n<\/h1><div class=\"bde-text-58-119 bde-text bde-preset-b1365aa7-528c-4590-b357-bb58d6c924e0\">\nThe Wine Cellar of Great Wines of Friendship and Peace is more than just a place for wine tasting\u2013it is where history, culture, and refined flavors come together in an unforgettable experience.\u00a0\n<\/div><div class=\"bde-columns-58-124 bde-columns\"><div class=\"bde-column-58-125 bde-column\">\n  \n  \n\t\n\n\n\n<div class=\"bde-div-58-129 bde-div\">\n  \n  \n\t\n\n\n\n<h3 class=\"bde-heading-58-128 bde-heading bde-preset-6649dc1e-5b75-45a7-9ff9-cc9bdf2c341c\">\nBUY WINES\n<\/h3><div class=\"bde-text-58-130 bde-text bde-preset-4e18ff66-b4f0-4e72-b9f4-ad081f68d92c\">\nIn the cellar, you can purchase selected wines from 24 of the most eminent winemakers of Empress-Queen Maria Theresa\u2019s CRU classification, carrying the mark of tradition and prestige\u2013the perfect souvenir of your visit or a gift for wine lovers.\u00a0\n<\/div>\n<\/div><div class=\"bde-div-58-131 bde-div\">\n  \n  \n\t\n\n\n\n<h3 class=\"bde-heading-58-132 bde-heading bde-preset-6649dc1e-5b75-45a7-9ff9-cc9bdf2c341c\">\nGUIDED<br>TASTINGS \n<\/h3><div class=\"bde-text-58-133 bde-text bde-preset-4e18ff66-b4f0-4e72-b9f4-ad081f68d92c\">\nChoose between tastings of four samples\u2013an introduction to the wines of the Lower So\u010da Valley \u2013or an exclusive selection of six samples that reveal the richness and elegance of the finest vineyard sites and winemakers of Collio, Colli Orientali, Gori\u0161ka Brda, Vipava Valley, Aquileia, and Karst. The wines are paired with selected prosciutto, cheese, or carefully prepared dishes that highlight the flavors of the region.\u00a0 \n<\/div>\n<\/div>\n<\/div><div class=\"bde-column-58-126 bde-column\">\n  \n  \n\t\n\n\n\n<img decoding=\"async\" class=\"bde-image2-58-140 bde-image2\" src=\"https:\/\/winescrumariatheresia.com\/wp-content\/uploads\/2025\/09\/foto-2-1-e1756899555643.jpg\" loading=\"lazy\" srcset=\"https:\/\/winescrumariatheresia.com\/wp-content\/uploads\/2025\/09\/foto-2-1-e1756899555643.jpg 440w, https:\/\/winescrumariatheresia.com\/wp-content\/uploads\/2025\/09\/foto-2-1-e1756899555643-111x300.jpg 111w, https:\/\/winescrumariatheresia.com\/wp-content\/uploads\/2025\/09\/foto-2-1-e1756899555643-380x1024.jpg 380w\" sizes=\"(max-width: 440px) 100vw, 440px\">\n<\/div><div class=\"bde-column-58-127 bde-column\">\n  \n  \n\t\n\n\n\n<div class=\"bde-div-58-134 bde-div\">\n  \n  \n\t\n\n\n\n<h3 class=\"bde-heading-58-135 bde-heading bde-preset-6649dc1e-5b75-45a7-9ff9-cc9bdf2c341c\">\nEXCLUSIVE EVENTS \n<\/h3><div class=\"bde-text-58-136 bde-text bde-preset-4e18ff66-b4f0-4e72-b9f4-ad081f68d92c\">\nHost a business meeting, a family celebration, or an intimate dinner in the enchanting ambiance of our cellar. Our team will ensure that your event is truly unforgettable.\u00a0\n<\/div>\n<\/div><div class=\"bde-div-58-137 bde-div\">\n  \n  \n\t\n\n\n\n<h3 class=\"bde-heading-58-138 bde-heading bde-preset-6649dc1e-5b75-45a7-9ff9-cc9bdf2c341c\">\nHISTORICAL CONNECTION\n<\/h3><div class=\"bde-text-58-139 bde-text bde-preset-4e18ff66-b4f0-4e72-b9f4-ad081f68d92c\">\nDiscover the story of Empress-Queen Maria Theresa\u2019s CRU classification and explore the Franciscan Monastery of Kostanjevica, with its Baroque frescoes, the Bourbon tomb, and the \u0160krabec Library, home to the first Slovenian grammar by Adam Bohori\u010d, published in 1584.\u00a0\u00a0\n<\/div>\n<\/div>\n<\/div><\/div><div class=\"bde-div-58-197 bde-div\">\n  \n  \n\t\n\n\n\n<div class=\"bde-columns-58-157 bde-columns\"><div class=\"bde-column-58-158 bde-column\">\n  \n  \n\t\n\n\n\n<div class=\"bde-div-58-160 bde-div\">\n  \n  \n\t\n\n\n\n<h3 class=\"bde-heading-58-161 bde-heading bde-preset-6649dc1e-5b75-45a7-9ff9-cc9bdf2c341c\">\nBUY WINES\n<\/h3><div class=\"bde-text-58-162 bde-text bde-preset-4e18ff66-b4f0-4e72-b9f4-ad081f68d92c\">\nIn the cellar, you can purchase selected wines from 24 of the most eminent winemakers of Empress-Queen Maria Theresa\u2019s CRU classification, carrying the mark of tradition and prestige\u2013the perfect souvenir of your visit or a gift for wine lovers.\u00a0\n<\/div>\n<\/div>\n<\/div><div class=\"bde-column-58-159 bde-column\">\n  \n  \n\t\n\n\n\n<img decoding=\"async\" class=\"bde-image2-58-163 bde-image2\" src=\"https:\/\/winescrumariatheresia.com\/wp-content\/uploads\/2025\/09\/slika-kozarec-vina-1-e1757486449913.jpg\" loading=\"lazy\" srcset=\"https:\/\/winescrumariatheresia.com\/wp-content\/uploads\/2025\/09\/slika-kozarec-vina-1-e1757486449913.jpg 449w, https:\/\/winescrumariatheresia.com\/wp-content\/uploads\/2025\/09\/slika-kozarec-vina-1-e1757486449913-300x195.jpg 300w, https:\/\/winescrumariatheresia.com\/wp-content\/uploads\/2025\/09\/slika-kozarec-vina-1-e1757486449913-18x12.jpg 18w\" sizes=\"(max-width: 449px) 100vw, 449px\">\n<\/div><\/div><div class=\"bde-columns-58-164 bde-columns\"><div class=\"bde-column-58-165 bde-column\">\n  \n  \n\t\n\n\n\n<div class=\"bde-div-58-188 bde-div\">\n  \n  \n\t\n\n\n\n<h3 class=\"bde-heading-58-189 bde-heading bde-preset-6649dc1e-5b75-45a7-9ff9-cc9bdf2c341c\">\nEXCLUSIVE EVENTS \n<\/h3><div class=\"bde-text-58-190 bde-text bde-preset-4e18ff66-b4f0-4e72-b9f4-ad081f68d92c\">\nHost a business meeting, a family celebration, or an intimate dinner in the enchanting ambiance of our cellar. Our team will ensure that your event is truly unforgettable.\u00a0\n<\/div>\n<\/div>\n<\/div><div class=\"bde-column-58-169 bde-column\">\n  \n  \n\t\n\n\n\n<img decoding=\"async\" class=\"bde-image2-58-170 bde-image2\" src=\"https:\/\/winescrumariatheresia.com\/wp-content\/uploads\/2025\/09\/slika-dogodek-1-e1757486516503.jpg\" loading=\"lazy\" srcset=\"https:\/\/winescrumariatheresia.com\/wp-content\/uploads\/2025\/09\/slika-dogodek-1-e1757486516503.jpg 449w, https:\/\/winescrumariatheresia.com\/wp-content\/uploads\/2025\/09\/slika-dogodek-1-e1757486516503-300x196.jpg 300w, https:\/\/winescrumariatheresia.com\/wp-content\/uploads\/2025\/09\/slika-dogodek-1-e1757486516503-18x12.jpg 18w\" sizes=\"(max-width: 449px) 100vw, 449px\">\n<\/div><\/div><div class=\"bde-columns-58-171 bde-columns\"><div class=\"bde-column-58-172 bde-column\">\n  \n  \n\t\n\n\n\n<div class=\"bde-div-58-191 bde-div\">\n  \n  \n\t\n\n\n\n<h3 class=\"bde-heading-58-192 bde-heading bde-preset-6649dc1e-5b75-45a7-9ff9-cc9bdf2c341c\">\nGUIDED<br>TASTINGS \n<\/h3><div class=\"bde-text-58-193 bde-text bde-preset-4e18ff66-b4f0-4e72-b9f4-ad081f68d92c\">\nChoose between tastings of four samples\u2013an introduction to the wines of the Lower So\u010da Valley \u2013or an exclusive selection of six samples that reveal the richness and elegance of the finest vineyard sites and winemakers of Collio, Colli Orientali, Gori\u0161ka Brda, Vipava Valley, Aquileia, and Karst. The wines are paired with selected prosciutto, cheese, or carefully prepared dishes that highlight the flavors of the region.\u00a0\u00a0\n<\/div>\n<\/div>\n<\/div><div class=\"bde-column-58-176 bde-column\">\n  \n  \n\t\n\n\n\n<img decoding=\"async\" class=\"bde-image2-58-177 bde-image2\" src=\"https:\/\/winescrumariatheresia.com\/wp-content\/uploads\/2025\/09\/slika-nalivanje-vina-1-e1757486558547.jpg\" loading=\"lazy\" srcset=\"https:\/\/winescrumariatheresia.com\/wp-content\/uploads\/2025\/09\/slika-nalivanje-vina-1-e1757486558547.jpg 445w, https:\/\/winescrumariatheresia.com\/wp-content\/uploads\/2025\/09\/slika-nalivanje-vina-1-e1757486558547-300x197.jpg 300w, https:\/\/winescrumariatheresia.com\/wp-content\/uploads\/2025\/09\/slika-nalivanje-vina-1-e1757486558547-18x12.jpg 18w\" sizes=\"(max-width: 445px) 100vw, 445px\">\n<\/div><\/div><div class=\"bde-columns-58-178 bde-columns\"><div class=\"bde-column-58-179 bde-column\">\n  \n  \n\t\n\n\n\n<div class=\"bde-div-58-194 bde-div\">\n  \n  \n\t\n\n\n\n<h3 class=\"bde-heading-58-195 bde-heading bde-preset-6649dc1e-5b75-45a7-9ff9-cc9bdf2c341c\">\nHISTORICAL CONNECTION\n<\/h3><div class=\"bde-text-58-196 bde-text bde-preset-4e18ff66-b4f0-4e72-b9f4-ad081f68d92c\">\nDiscover the story of Empress-Queen Maria Theresa\u2019s CRU classification and explore the Franciscan Monastery of Kostanjevica, with its Baroque frescoes, the Bourbon tomb, and the \u0160krabec Library, home to the first Slovenian grammar by Adam Bohori\u010d, published in 1584.\u00a0\u00a0\n<\/div>\n<\/div>\n<\/div><div class=\"bde-column-58-183 bde-column\">\n  \n  \n\t\n\n\n\n<img decoding=\"async\" class=\"bde-image2-58-184 bde-image2\" src=\"https:\/\/winescrumariatheresia.com\/wp-content\/uploads\/2025\/09\/slika-hodnik-kleti-1-e1757486590609.jpg\" loading=\"lazy\" srcset=\"https:\/\/winescrumariatheresia.com\/wp-content\/uploads\/2025\/09\/slika-hodnik-kleti-1-e1757486590609.jpg 447w, https:\/\/winescrumariatheresia.com\/wp-content\/uploads\/2025\/09\/slika-hodnik-kleti-1-e1757486590609-300x194.jpg 300w, https:\/\/winescrumariatheresia.com\/wp-content\/uploads\/2025\/09\/slika-hodnik-kleti-1-e1757486590609-18x12.jpg 18w\" sizes=\"(max-width: 447px) 100vw, 447px\">\n<\/div><\/div>\n<\/div><div class=\"bde-text-58-120 bde-text bde-preset-b484ad35-c7c3-4009-a43a-5b193979e9e1\">\nEvery visit to the cellar is an opportunity to immerse yourself in history, taste exceptional wines, and experience the warmth of cross-border friendship.\u00a0\n<\/div><div class=\"bde-div-58-121 bde-div\">\n  \n  \n\t\n\n\n\n<div class=\"bde-button-58-122 bde-button\">\n    \n                                    \n    \n    \n    \n    \n            \n                    \n            \n            \n\n    \n    \n    \n    \n    \n    <a class=\"breakdance-link button-atom button-atom--custom bde-button__button\" href=\"#rezervacija\" target=\"_blank\" data-type=\"url\"  >\n\n    \n        <span class=\"button-atom__text\">BOOK YOUR EXPERIENCE<\/span>\n\n        \n        \n                <\/a>\n\n    \n\n\n<\/div>\n<\/div><\/div>\n<\/section><section class=\"bde-section-58-141 bde-section\">\n  \n  \n\t\n\n\n\n<div class=\"section-container\"><h1 class=\"bde-heading-58-142 bde-heading bde-preset-c173da8b-66de-49d7-acd3-c0edb3b21c7f\">\nJoin the Charity Auction: <br>Wines that Change the World\n<\/h1><div class=\"bde-text-58-143 bde-text bde-preset-3441147c-34ce-41a8-8d20-69b6f5dd1672\">\nEach year, the Wine Cellar of Friendship and Peace comes alive with the region\u2019s most prestigious event: the charity auction featuring the winemakers of Empress-Queen Maria Theresa\u2019s CRU classification.\n<\/div><div class=\"bde-text-58-144 bde-text bde-preset-243da2d6-1fae-4bfb-b065-19b3b897774b\">\nIn October 2025, the fourth auction will take place, with winemakers from the cross-border Gorizia wine territory contributing an oak barrel (300 bottles) of wine, crafted from their finest vineyard and carefully selected by a special committee. Each bottle tells a story of tradition, quality, and cross-border collaboration.\u00a0\n<\/div><div class=\"bde-video-58-156 bde-video\">\n<div class=\"ee-video-container\">\n            \n                                                    \n                                <div class=\"ee-video ee-vimeo\">\n                    <iframe\n                            class=\"ee-video lozad\"\n                    title=\"\"\n                    data-src=\n                    \"https:\/\/player.vimeo.com\/video\/1116872372?dnt=1&amp;app_id=122963&controls=1&playsinline=0                    \"\n                    width=\"100%\" height=\"100%\" frameborder=\"0\"\n                    allow=\"autoplay; fullscreen; picture-in-picture\" allowfullscreen>\n                    <\/iframe>\n                <\/div>\n                    \n            \n    <\/div>\n\n<\/div><div class=\"bde-text-58-146 bde-text bde-preset-243da2d6-1fae-4bfb-b065-19b3b897774b\">\nThe funds raised have already made possible the restoration of the Baroque frescoes in the Franciscan Monastery of Kostanjevica and the renovation of its cellar, now the heart of the cross-border Gorizia wine region. The auction attracts wine lovers from all over the world \u2013 from Europe to America and the growing Asian markets. It is an opportunity to taste exclusive wines and contribute to the preservation of cultural heritage.\u00a0\n<\/div><div class=\"bde-button-58-155 bde-button\">\n    \n                                    \n    \n    \n    \n    \n            \n                    \n            \n            \n\n    \n    \n    \n    \n    \n    <a class=\"breakdance-link button-atom button-atom--primary bde-button__button\" href=\"https:\/\/www.samostan-kostanjevica.si\/\" target=\"_blank\" data-type=\"url\"  >\n\n    \n        <span class=\"button-atom__text\">\u00a0DISCOVER THE FRANCISCAN MONASTERY OF KOSTANJEVICA\u00a0<\/span>\n\n        \n        \n                <\/a>\n\n    \n\n\n<\/div><div class=\"bde-text-58-147 bde-text\">\nJoin us at the auction or visit the cellar and monastery, where you can taste these unique wines and explore the history that once inspired Empress-Queen Maria Theresa herself. Become part of a story that celebrates friendship, peace, and exceptional flavors.\n<\/div><div class=\"bde-div-58-148 bde-div\">\n  \n  \n\t\n\n\n\n<div class=\"bde-button-58-150 bde-button\">\n    \n                                    \n    \n    \n    \n    \n            \n                    \n            \n            \n\n    \n    \n    \n    \n    \n    <a class=\"breakdance-link button-atom button-atom--primary bde-button__button\" href=\"mailto:info@winescrumariatheresia.com?subject=&body=\" target=\"_self\" data-type=\"contact\"  >\n\n    \n        <span class=\"button-atom__text\">JOIN THE AUCTION, CONTACT US<\/span>\n\n        \n        \n                <\/a>\n\n    \n\n\n<\/div>\n<\/div><div id=\"rezervacija\" class=\"bde-div-58-153 bde-div\">\n  \n  \n\t\n\n\n\n<div class=\"bde-code-block-58-154 bde-code-block\">\n\n  <script type=\"text\/javascript\" src=\"https:\/\/widgets.bokun.io\/assets\/javascripts\/apps\/build\/BokunWidgetsLoader.js?bookingChannelUUID=d0928e02-74c9-4133-9733-2b0719d09968\" async><\/script>\n     \n    <div class=\"bokunWidget\" data-src=\"https:\/\/widgets.bokun.io\/online-sales\/d0928e02-74c9-4133-9733-2b0719d09968\/experience-calendar\/1076909\"><\/div>\n    <noscript>Please enable javascript in your browser to book<\/noscript>\n\n\n\n<\/div>\n<\/div><\/div>\n<\/section>","protected":false},"excerpt":{"rendered":"<p>Vinska klet velikih vin prijateljstva in miru Odkrijte zgodovinski dragulj: Klet velikih vin prijateljstva in miru REZERVIRAJTE DO\u017dIVETJE Degustacije vin Kjer se sre\u010data zgodovina in ekskluzivnost V srcu Fran\u010di\u0161kanskega samostana Kostanjevica, na slikovitem gri\u010du nad Novo Gorico, se nahajaVinska klet velikih vin prijateljstva in miru \u2013 prostor, kjer se stoletja tradicije prepletajo z vrhunskimi okusi. [&hellip;]<\/p>","protected":false},"author":1,"featured_media":0,"parent":0,"menu_order":0,"comment_status":"closed","ping_status":"closed","template":"","meta":{"_breakdance_hide_in_design_set":false,"_breakdance_tags":"","footnotes":""},"class_list":["post-58","page","type-page","status-publish","hentry"],"_links":{"self":[{"href":"https:\/\/winescrumariatheresia.com\/en\/wp-json\/wp\/v2\/pages\/58","targetHints":{"allow":["GET"]}}],"collection":[{"href":"https:\/\/winescrumariatheresia.com\/en\/wp-json\/wp\/v2\/pages"}],"about":[{"href":"https:\/\/winescrumariatheresia.com\/en\/wp-json\/wp\/v2\/types\/page"}],"author":[{"embeddable":true,"href":"https:\/\/winescrumariatheresia.com\/en\/wp-json\/wp\/v2\/users\/1"}],"replies":[{"embeddable":true,"href":"https:\/\/winescrumariatheresia.com\/en\/wp-json\/wp\/v2\/comments?post=58"}],"version-history":[{"count":70,"href":"https:\/\/winescrumariatheresia.com\/en\/wp-json\/wp\/v2\/pages\/58\/revisions"}],"predecessor-version":[{"id":476,"href":"https:\/\/winescrumariatheresia.com\/en\/wp-json\/wp\/v2\/pages\/58\/revisions\/476"}],"wp:attachment":[{"href":"https:\/\/winescrumariatheresia.com\/en\/wp-json\/wp\/v2\/media?parent=58"}],"curies":[{"name":"wp","href":"https:\/\/api.w.org\/{rel}","templated":true}]}}