{"id":28,"date":"2025-08-28T18:38:02","date_gmt":"2025-08-28T18:38:02","guid":{"rendered":"https:\/\/winescrumariatheresia.com\/?page_id=28"},"modified":"2025-09-29T09:46:49","modified_gmt":"2025-09-29T09:46:49","slug":"domov","status":"publish","type":"page","link":"https:\/\/winescrumariatheresia.com\/en\/","title":{"rendered":"Home"},"content":{"rendered":"<section class=\"bde-section-28-100 bde-section\">\n              \n  \n  \n\t    \n      <div class=\"section-background-video\">\n                        <div id=\"vimeoEmbed100\" class=\"section-vimeo-wrapper\"><\/div>\n                <\/div>\n\n\n  <div class=\"section-background-overlay\"><\/div>\n\n\n<div class=\"section-container\"><h1 class=\"bde-heading-28-101 bde-heading\">\nUncover a world where history and heritage blend with the exceptional flavors of wines from the world\u2019s first CRU classification.\n<\/h1><div class=\"bde-div-28-131 bde-div\">\n  \n  \n\t\n\n\n\n<div class=\"bde-grid-28-102 bde-grid\">\n  \n  \n\t\n\n\n\n<div class=\"bde-div-28-110 bde-div clear-glass\">\n  \n  \n\t\n\n\n\n<div class=\"bde-text-28-111 bde-text\">\nTHE FIRST CRU CLASSIFICATION\n<\/div><div class=\"bde-fancy-divider-28-112 bde-fancy-divider\">\n\n\n<div class=\"bde-fancy-divider__wrapper\">\n  <div class=\"bde-fancy-divider__separator\">\n  \t  <\/div>\n<\/div>\n\n<\/div><div class=\"bde-text-28-113 bde-text\">\nDiscover the story of the first CRU classification (1787), which shaped the winemaking heritage of the Gorizia region.\n<\/div><div class=\"bde-button-28-114 bde-button\">\n    \n                                    \n    \n    \n    \n    \n            \n                    \n            \n            \n\n    \n    \n    \n    \n    \n    <a class=\"breakdance-link button-atom button-atom--primary bde-button__button\" href=\"\/en\/zapuscina-marije-terezije\/\" target=\"_self\" data-type=\"url\"  >\n\n    \n        <span class=\"button-atom__text\">DISCOVER THE STORY BEHIND THE CLASSIFICATION<\/span>\n\n        \n        \n                <\/a>\n\n    \n\n\n<\/div>\n<\/div><div class=\"bde-div-28-103 bde-div clear-glass\">\n  \n  \n\t\n\n\n\n<div class=\"bde-text-28-106 bde-text\">\nCELLAR OF FRIENDSHIP <br>AND PEACE\n<\/div><div class=\"bde-fancy-divider-28-107 bde-fancy-divider\">\n\n\n<div class=\"bde-fancy-divider__wrapper\">\n  <div class=\"bde-fancy-divider__separator\">\n  \t  <\/div>\n<\/div>\n\n<\/div><div class=\"bde-text-28-108 bde-text\">\nAn exclusive wine cellar where history meets prestigious wines.\n<\/div><div class=\"bde-button-28-109 bde-button\">\n    \n                                    \n    \n    \n    \n    \n            \n                    \n            \n            \n\n    \n    \n    \n    \n    \n    <a class=\"breakdance-link button-atom button-atom--primary bde-button__button\" href=\"\/en\/vinska-klet-velikih-vin-prijateljstva-in-miru\/\" target=\"_self\" data-type=\"url\"  >\n\n    \n        <span class=\"button-atom__text\">EXPLORE THE WINE CELLAR<\/span>\n\n        \n        \n                <\/a>\n\n    \n\n\n<\/div>\n<\/div><div class=\"bde-div-28-115 bde-div clear-glass\">\n  \n  \n\t\n\n\n\n<div class=\"bde-text-28-116 bde-text\">\nGREAT WINES <br>OF THE CRU\n<\/div><div class=\"bde-fancy-divider-28-117 bde-fancy-divider\">\n\n\n<div class=\"bde-fancy-divider__wrapper\">\n  <div class=\"bde-fancy-divider__separator\">\n  \t  <\/div>\n<\/div>\n\n<\/div><div class=\"bde-text-28-118 bde-text\">\nExceptional wines of the cross-border region, born from the finest vineyards.\n<\/div><div class=\"bde-button-28-119 bde-button\">\n    \n                                    \n    \n    \n    \n    \n            \n                    \n            \n            \n\n    \n    \n    \n    \n    \n    <a class=\"breakdance-link button-atom button-atom--primary bde-button__button\" href=\"\/en\/velika-vina-cru-klasifikacije-marije-terezije\/\" target=\"_self\" data-type=\"url\"  >\n\n    \n        <span class=\"button-atom__text\">OUR WINES<\/span>\n\n        \n        \n                <\/a>\n\n    \n\n\n<\/div>\n<\/div>\n<\/div>\n<\/div><\/div>\n<\/section><section class=\"bde-section-28-120 bde-section\">\n  \n  \n\t\n\n\n\n<div class=\"section-container\"><img decoding=\"async\" class=\"bde-image2-28-128 bde-image2\" src=\"https:\/\/winescrumariatheresia.com\/wp-content\/uploads\/2025\/09\/Layer_2-1.png\" loading=\"lazy\" srcset=\"https:\/\/winescrumariatheresia.com\/wp-content\/uploads\/2025\/09\/Layer_2-1.png 1905w, https:\/\/winescrumariatheresia.com\/wp-content\/uploads\/2025\/09\/Layer_2-1-300x102.png 300w, https:\/\/winescrumariatheresia.com\/wp-content\/uploads\/2025\/09\/Layer_2-1-1024x348.png 1024w, https:\/\/winescrumariatheresia.com\/wp-content\/uploads\/2025\/09\/Layer_2-1-768x261.png 768w, https:\/\/winescrumariatheresia.com\/wp-content\/uploads\/2025\/09\/Layer_2-1-1536x522.png 1536w\" sizes=\"(max-width: 1905px) 100vw, 1905px\"><div class=\"bde-text-28-130 bde-text bde-preset-7942a96c-82f9-49c0-a7aa-a72c1b8ff092\">\nEnter a world where the centuries-old legacy of Empress-Queen Maria Theresa meets the finest wines of friendship and peace.\n<\/div><div class=\"bde-rich-text-28-122 bde-rich-text breakdance-rich-text-styles\">\n<p><span style=\"font-weight: 400;\">Discover the world\u2019s first CRU classification, which shaped Gori\u0161ka Brda and Collio, and indulge\nin flavors that inspire wine lovers worldwide. Visit the Franciscan Monastery of Kostanjevica,\ntaste exclusive wines, and become part of a story that transcends borders.<\/span><\/p>\n<\/div><img decoding=\"async\" class=\"bde-image2-28-124 bde-image2\" src=\"https:\/\/winescrumariatheresia.com\/wp-content\/uploads\/2025\/08\/cropped-01_logo_CRU_Maria_Theresa_1787.pdf-1.png\" loading=\"lazy\" srcset=\"https:\/\/winescrumariatheresia.com\/wp-content\/uploads\/2025\/08\/cropped-01_logo_CRU_Maria_Theresa_1787.pdf-1.png 512w, https:\/\/winescrumariatheresia.com\/wp-content\/uploads\/2025\/08\/cropped-01_logo_CRU_Maria_Theresa_1787.pdf-1-300x300.png 300w, https:\/\/winescrumariatheresia.com\/wp-content\/uploads\/2025\/08\/cropped-01_logo_CRU_Maria_Theresa_1787.pdf-1-150x150.png 150w, https:\/\/winescrumariatheresia.com\/wp-content\/uploads\/2025\/08\/cropped-01_logo_CRU_Maria_Theresa_1787.pdf-1-12x12.png 12w, https:\/\/winescrumariatheresia.com\/wp-content\/uploads\/2025\/08\/cropped-01_logo_CRU_Maria_Theresa_1787.pdf-1-270x270.png 270w, https:\/\/winescrumariatheresia.com\/wp-content\/uploads\/2025\/08\/cropped-01_logo_CRU_Maria_Theresa_1787.pdf-1-192x192.png 192w, https:\/\/winescrumariatheresia.com\/wp-content\/uploads\/2025\/08\/cropped-01_logo_CRU_Maria_Theresa_1787.pdf-1-180x180.png 180w, https:\/\/winescrumariatheresia.com\/wp-content\/uploads\/2025\/08\/cropped-01_logo_CRU_Maria_Theresa_1787.pdf-1-32x32.png 32w\" sizes=\"(max-width: 512px) 100vw, 512px\"><div class=\"bde-text-28-125 bde-text bde-preset-ea8d4b58-924d-4f18-84ed-c59be8c05f6d\">\nThe exclusive Wine Cellar of Friendship and Peace, where history meets prestigious wines.\n<\/div><div class=\"bde-fancy-divider-28-126 bde-fancy-divider\">\n\n\n<div class=\"bde-fancy-divider__wrapper\">\n  <div class=\"bde-fancy-divider__separator\">\n  \t  <\/div>\n<\/div>\n\n<\/div><div class=\"bde-text-28-127 bde-text\">\nWines CRU, Maria Theresia d. o.about.\n<\/div><\/div>\n<\/section>","protected":false},"excerpt":{"rendered":"<p>Stopite v svet, kjer se zgodovina prepleta z vrhunskimi okusi vin iz prve CRU klasifikacije na svetu. PRVA CRU KLASIFIKACIJA Odkrijte zgodbo prve CRU klasifikacije (1787), ki je oblikovala vinogradni\u0161ko dedi\u0161\u010dino Gori\u0161ke. Ve\u010d o klasifikaciji KLET prijateljstva in miru Ekskluzivna vinska klet, kjer se zgodovina sre\u010da s presti\u017enimi vini. Spoznajte vinsko klet velika cru Vina [&hellip;]<\/p>","protected":false},"author":1,"featured_media":0,"parent":0,"menu_order":0,"comment_status":"closed","ping_status":"closed","template":"","meta":{"_breakdance_hide_in_design_set":false,"_breakdance_tags":"","footnotes":""},"class_list":["post-28","page","type-page","status-publish","hentry"],"_links":{"self":[{"href":"https:\/\/winescrumariatheresia.com\/en\/wp-json\/wp\/v2\/pages\/28","targetHints":{"allow":["GET"]}}],"collection":[{"href":"https:\/\/winescrumariatheresia.com\/en\/wp-json\/wp\/v2\/pages"}],"about":[{"href":"https:\/\/winescrumariatheresia.com\/en\/wp-json\/wp\/v2\/types\/page"}],"author":[{"embeddable":true,"href":"https:\/\/winescrumariatheresia.com\/en\/wp-json\/wp\/v2\/users\/1"}],"replies":[{"embeddable":true,"href":"https:\/\/winescrumariatheresia.com\/en\/wp-json\/wp\/v2\/comments?post=28"}],"version-history":[{"count":61,"href":"https:\/\/winescrumariatheresia.com\/en\/wp-json\/wp\/v2\/pages\/28\/revisions"}],"predecessor-version":[{"id":470,"href":"https:\/\/winescrumariatheresia.com\/en\/wp-json\/wp\/v2\/pages\/28\/revisions\/470"}],"wp:attachment":[{"href":"https:\/\/winescrumariatheresia.com\/en\/wp-json\/wp\/v2\/media?parent=28"}],"curies":[{"name":"wp","href":"https:\/\/api.w.org\/{rel}","templated":true}]}}