{"id":166,"date":"2025-09-03T15:02:03","date_gmt":"2025-09-03T15:02:03","guid":{"rendered":"https:\/\/winescrumariatheresia.com\/?page_id=166"},"modified":"2025-09-29T10:13:33","modified_gmt":"2025-09-29T10:13:33","slug":"rezervacija","status":"publish","type":"page","link":"https:\/\/winescrumariatheresia.com\/en\/rezervacija\/","title":{"rendered":"Book Your Wine Experience"},"content":{"rendered":"<section class=\"bde-section-166-100 bde-section\">\n  \n  \n\t\n\n\n\n<div class=\"section-container\"><h1 class=\"bde-heading-166-101 bde-heading bde-preset-24074eeb-e3f3-43f8-98cf-b20c815db503\">\nBook Your Wine Experience\n<\/h1><div class=\"bde-text-166-102 bde-text bde-preset-19d8564c-2728-4efd-b595-33f3d10f60c8\">\nSend us your request, and together we\u2019ll create unforgettable moments in the Wine Cellar of Friendship and Peace.\n<\/div><div class=\"bde-button-166-103 bde-button\">\n    \n                                    \n    \n    \n    \n    \n            \n                    \n            \n            \n\n    \n    \n    \n    \n    \n    <a class=\"breakdance-link button-atom button-atom--secondary bde-button__button\" href=\"#rezervacija\" target=\"_self\" data-type=\"url\"  >\n\n    \n        <span class=\"button-atom__text\">BOOK YOUR EXPERIENCE<\/span>\n\n        \n        \n                <\/a>\n\n    \n\n\n<\/div><\/div>\n<\/section><section class=\"bde-section-166-104 bde-section\">\n  \n  \n\t\n\n\n\n<div class=\"section-container\"><div class=\"bde-text-166-106 bde-text bde-preset-7942a96c-82f9-49c0-a7aa-a72c1b8ff092\">\nThe Wine Cellar of Great Wines of Friendship and Peace is more than just a place for wine tasting\u2013it is where history, culture, and refined flavors come together in an unforgettable experience. <br>\n<\/div><div class=\"bde-text-166-107 bde-text\">\nHere are the reasons why you should visit our cellar:\u00a0\n<\/div><img decoding=\"async\" class=\"bde-image2-166-108 bde-image2\" src=\"https:\/\/winescrumariatheresia.com\/wp-content\/uploads\/2025\/09\/okrasna-crta-2.svg\" loading=\"lazy\" sizes=\"(max-width: 522px) 100vw, 522px\"><\/div>\n<\/section><section class=\"bde-section-166-109 bde-section\">\n  \n  \n\t\n\n\n\n<div class=\"section-container\"><div class=\"bde-div-166-110 bde-div\">\n  \n  \n\t\n\n\n\n<div class=\"bde-columns-166-111 bde-columns\"><div class=\"bde-column-166-112 bde-column\">\n  \n  \n\t\n\n\n\n<img decoding=\"async\" class=\"bde-image2-166-114 bde-image2\" src=\"https:\/\/winescrumariatheresia.com\/wp-content\/uploads\/2025\/09\/Frame-62-2.jpg\" loading=\"lazy\" srcset=\"https:\/\/winescrumariatheresia.com\/wp-content\/uploads\/2025\/09\/Frame-62-2.jpg 600w, https:\/\/winescrumariatheresia.com\/wp-content\/uploads\/2025\/09\/Frame-62-2-300x211.jpg 300w\" sizes=\"(max-width: 600px) 100vw, 600px\">\n<\/div><div class=\"bde-column-166-113 bde-column\">\n  \n  \n\t\n\n\n\n<h1 class=\"bde-heading-166-116 bde-heading bde-preset-6649dc1e-5b75-45a7-9ff9-cc9bdf2c341c\">\nBUY WINES\n<\/h1><div class=\"bde-text-166-117 bde-text bde-preset-4e18ff66-b4f0-4e72-b9f4-ad081f68d92c\">\nIn the cellar, you can purchase selected wines from 24 of the most eminent winemakers of Empress-Queen Maria Theresa\u2019s CRU classification, carrying the mark of tradition and prestige\u2013the perfect souvenir of your visit or a gift for wine lovers.\u00a0\n<\/div>\n<\/div><\/div><div class=\"bde-columns-166-118 bde-columns\"><div class=\"bde-column-166-121 bde-column\">\n  \n  \n\t\n\n\n\n<h1 class=\"bde-heading-166-122 bde-heading bde-preset-6649dc1e-5b75-45a7-9ff9-cc9bdf2c341c\">\nGUIDED TASTINGS \n<\/h1><div class=\"bde-text-166-123 bde-text bde-preset-4e18ff66-b4f0-4e72-b9f4-ad081f68d92c\">\nChoose between tastings of four samples\u2013an introduction to the wines of the Lower So\u010da Valley \u2013or an exclusive selection of six samples that reveal the richness and elegance of the finest vineyard sites and winemakers of Collio, Colli Orientali, Gori\u0161ka Brda, Vipava Valley, Aquileia, and Karst. The wines are paired with selected prosciutto, cheese, or carefully prepared dishes that highlight the flavors of the region.\u00a0 <br>\n<\/div>\n<\/div><div class=\"bde-column-166-119 bde-column\">\n  \n  \n\t\n\n\n\n<img decoding=\"async\" class=\"bde-image2-166-120 bde-image2\" src=\"https:\/\/winescrumariatheresia.com\/wp-content\/uploads\/2025\/09\/foto-2-1-1.jpg\" loading=\"lazy\" srcset=\"https:\/\/winescrumariatheresia.com\/wp-content\/uploads\/2025\/09\/foto-2-1-1.jpg 546w, https:\/\/winescrumariatheresia.com\/wp-content\/uploads\/2025\/09\/foto-2-1-1-300x232.jpg 300w\" sizes=\"(max-width: 546px) 100vw, 546px\">\n<\/div><\/div><div class=\"bde-columns-166-124 bde-columns\"><div class=\"bde-column-166-125 bde-column\">\n  \n  \n\t\n\n\n\n<img decoding=\"async\" class=\"bde-image2-166-126 bde-image2\" src=\"https:\/\/winescrumariatheresia.com\/wp-content\/uploads\/2025\/09\/Frame-62-1-1.jpg\" loading=\"lazy\" srcset=\"https:\/\/winescrumariatheresia.com\/wp-content\/uploads\/2025\/09\/Frame-62-1-1.jpg 600w, https:\/\/winescrumariatheresia.com\/wp-content\/uploads\/2025\/09\/Frame-62-1-1-300x211.jpg 300w\" sizes=\"(max-width: 600px) 100vw, 600px\">\n<\/div><div class=\"bde-column-166-127 bde-column\">\n  \n  \n\t\n\n\n\n<h1 class=\"bde-heading-166-128 bde-heading bde-preset-6649dc1e-5b75-45a7-9ff9-cc9bdf2c341c\">\nEXCLUSIVE EVENTS \n<\/h1><div class=\"bde-text-166-129 bde-text bde-preset-4e18ff66-b4f0-4e72-b9f4-ad081f68d92c\">\nHost a business meeting, a family celebration, or an intimate dinner in the enchanting ambiance of our cellar. Our team will ensure that your event is truly unforgettable.\u00a0\n<\/div>\n<\/div><\/div><div class=\"bde-columns-166-130 bde-columns\"><div class=\"bde-column-166-131 bde-column\">\n  \n  \n\t\n\n\n\n<h1 class=\"bde-heading-166-132 bde-heading bde-preset-6649dc1e-5b75-45a7-9ff9-cc9bdf2c341c\">\nHISTORICAL CONNECTION\n<\/h1><div class=\"bde-text-166-133 bde-text bde-preset-4e18ff66-b4f0-4e72-b9f4-ad081f68d92c\">\nDiscover the story of Empress-Queen Maria Theresa\u2019s CRU classification and explore the Franciscan Monastery of Kostanjevica, with its Baroque frescoes, the Bourbon tomb, and the \u0160krabec Library, home to the first Slovenian grammar by Adam Bohori\u010d, published in 1584.\u00a0\u00a0\n<\/div>\n<\/div><div class=\"bde-column-166-134 bde-column\">\n  \n  \n\t\n\n\n\n<img decoding=\"async\" class=\"bde-image2-166-135 bde-image2\" src=\"https:\/\/winescrumariatheresia.com\/wp-content\/uploads\/2025\/09\/foto-3-1.jpg\" loading=\"lazy\" srcset=\"https:\/\/winescrumariatheresia.com\/wp-content\/uploads\/2025\/09\/foto-3-1.jpg 546w, https:\/\/winescrumariatheresia.com\/wp-content\/uploads\/2025\/09\/foto-3-1-300x232.jpg 300w\" sizes=\"(max-width: 546px) 100vw, 546px\">\n<\/div><\/div>\n<\/div><\/div>\n<\/section><section id=\"rezervacija\" class=\"bde-section-166-137 bde-section\">\n  \n  \n\t\n\n\n\n<div class=\"section-container\"><div class=\"bde-text-166-157 bde-text bde-preset-7942a96c-82f9-49c0-a7aa-a72c1b8ff092\">\nEvery visit to the cellar is an opportunity to immerse yourself in history, taste exceptional wines, and experience the warmth of cross-border friendship.\n<\/div><div class=\"bde-div-166-155 bde-div\">\n  \n  \n\t\n\n\n\n<div class=\"bde-code-block-166-156 bde-code-block\">\n\n  <script type=\"text\/javascript\" src=\"https:\/\/widgets.bokun.io\/assets\/javascripts\/apps\/build\/BokunWidgetsLoader.js?bookingChannelUUID=d0928e02-74c9-4133-9733-2b0719d09968\" async><\/script>\n     \n    <div class=\"bokunWidget\" data-src=\"https:\/\/widgets.bokun.io\/online-sales\/d0928e02-74c9-4133-9733-2b0719d09968\/experience-calendar\/1076909\"><\/div>\n    <noscript>Please enable javascript in your browser to book<\/noscript>\n\n\n\n<\/div>\n<\/div><div class=\"bde-text-166-153 bde-text\">\nContact us \n<\/div><div class=\"bde-icon-list-166-154 bde-icon-list\">\n<ul>\n  \n              \n    <li>\n                      \n            \n            \n\n    \n    \n    \n    \n    \n    <a class=\"breakdance-link bde-icon-list__item-wrapper\" href=\"tel: +386 41 289 998\" target=\"_self\" data-type=\"contact\"  >\n\n      \n      <span class='bde-icon-list__icon'>\n        <svg xmlns=\"http:\/\/www.w3.org\/2000\/svg\" width=\"30\" height=\"31\" viewbox=\"0 0 30 31\" fill=\"none\">\r\n<path d=\"M5.11642 16.4877L9.51025 10.866C9.959 10.2614 10.1834 9.9591 10.301 9.62005C10.405 9.32005 10.4481 9.00056 10.4274 8.68209C10.4039 8.32219 10.2682 7.96659 9.99675 7.25542L8.96125 4.54266C8.55952 3.49022 8.35864 2.96398 8.01214 2.61906C7.70679 2.31512 7.32417 2.11011 6.91026 2.02867C6.44053 1.93624 5.91583 2.07371 4.86642 2.34863L2 3.09967C2 18.3678 12.1986 29.0555 26.7692 29.0555L27.4855 26.0514C27.7479 24.9516 27.879 24.4018 27.7908 23.9095C27.713 23.4759 27.5175 23.0748 27.2274 22.755C26.8983 22.3917 26.396 22.1813 25.3917 21.7604L23.0816 20.7919C22.3074 20.4675 21.9203 20.3052 21.5343 20.2928C21.1931 20.2818 20.8543 20.3547 20.5448 20.5055C20.1947 20.6764 19.9 20.9852 19.3103 21.6031L14.7793 26.2234\" stroke=\"#722F37\" stroke-width=\"3\" stroke-linecap=\"round\" stroke-linejoin=\"round\"\/>\r\n<\/svg>\n      <\/span>\n      <span class='bde-icon-list__text' >\n       +386 41 289 998\n      <\/span>\n                  <\/a>\n\n      \n    <\/li>\n\n  \n              \n    <li>\n                      \n            \n            \n\n    \n    \n    \n    \n    \n    <a class=\"breakdance-link bde-icon-list__item-wrapper\" href=\"mailto: info@winescrumariatheresia.com?subject=&body=\" target=\"_self\" data-type=\"contact\"  >\n\n      \n      <span class='bde-icon-list__icon'>\n        <svg xmlns=\"http:\/\/www.w3.org\/2000\/svg\" width=\"37\" height=\"30\" viewbox=\"0 0 37 30\" fill=\"none\">\r\n<path fill-rule=\"evenodd\" clip-rule=\"evenodd\" d=\"M2.23153 0.9375L0.737427 2.5V27.5L2.23153 29.0625H35.1019L36.596 27.5V2.5L35.1019 0.9375H2.23153ZM3.72564 6.03229V25.9375H33.6078V6.03177L18.6665 20.2367L3.72564 6.03229ZM31.2369 4.0625H6.09601L18.6665 16.0133L31.2369 4.0625Z\" fill=\"#722F37\"\/>\r\n<\/svg>\n      <\/span>\n      <span class='bde-icon-list__text' >\n       info@winescrumariatheresia.com\n      <\/span>\n                  <\/a>\n\n      \n    <\/li>\n\n  <\/ul>\n\n<\/div><\/div>\n<\/section>","protected":false},"excerpt":{"rendered":"<p>Rezervirajte svoje vinsko do\u017eivetje Oddajte povpra\u0161evanje in skupaj bomo ustvarili nepozabne trenutke v Vinski kleti Prijateljstva in miru. REZERVIRAJTE DO\u017dIVETJE Vinska klet velikih vin prijateljstva in miru ni le prostor za degustacijo vin \u2013 je kraj, kjer se zgodovina, kultura in vrhunski okusi zdru\u017eijo v nepozabno izku\u0161njo. Tukaj so razlogi, zakaj morate obiskati na\u0161o klet:\u00a0 [&hellip;]<\/p>","protected":false},"author":1,"featured_media":0,"parent":0,"menu_order":0,"comment_status":"closed","ping_status":"closed","template":"","meta":{"_breakdance_hide_in_design_set":false,"_breakdance_tags":"","footnotes":""},"class_list":["post-166","page","type-page","status-publish","hentry"],"_links":{"self":[{"href":"https:\/\/winescrumariatheresia.com\/en\/wp-json\/wp\/v2\/pages\/166","targetHints":{"allow":["GET"]}}],"collection":[{"href":"https:\/\/winescrumariatheresia.com\/en\/wp-json\/wp\/v2\/pages"}],"about":[{"href":"https:\/\/winescrumariatheresia.com\/en\/wp-json\/wp\/v2\/types\/page"}],"author":[{"embeddable":true,"href":"https:\/\/winescrumariatheresia.com\/en\/wp-json\/wp\/v2\/users\/1"}],"replies":[{"embeddable":true,"href":"https:\/\/winescrumariatheresia.com\/en\/wp-json\/wp\/v2\/comments?post=166"}],"version-history":[{"count":39,"href":"https:\/\/winescrumariatheresia.com\/en\/wp-json\/wp\/v2\/pages\/166\/revisions"}],"predecessor-version":[{"id":480,"href":"https:\/\/winescrumariatheresia.com\/en\/wp-json\/wp\/v2\/pages\/166\/revisions\/480"}],"wp:attachment":[{"href":"https:\/\/winescrumariatheresia.com\/en\/wp-json\/wp\/v2\/media?parent=166"}],"curies":[{"name":"wp","href":"https:\/\/api.w.org\/{rel}","templated":true}]}}