{"id":93,"date":"2025-09-03T11:45:43","date_gmt":"2025-09-03T11:45:43","guid":{"rendered":"https:\/\/winescrumariatheresia.com\/?page_id=93"},"modified":"2025-10-24T07:08:56","modified_gmt":"2025-10-24T07:08:56","slug":"velika-vina-cru-klasifikacije-marije-terezije","status":"publish","type":"page","link":"https:\/\/winescrumariatheresia.com\/de\/velika-vina-cru-klasifikacije-marije-terezije\/","title":{"rendered":"Gro\u00dfe Weine der CRU-Klassifikation<br> von Kaiserin-K\u00f6nigin Maria Theresia"},"content":{"rendered":"<section class=\"bde-section-93-100 bde-section\">\n  \n  \n\t\n\n\n\n<div class=\"section-container\"><div class=\"bde-columns-93-106 bde-columns\"><div class=\"bde-column-93-107 bde-column\">\n  \n  \n\t\n\n\n\n<h1 class=\"bde-heading-93-101 bde-heading bde-preset-2af27171-1ad8-4201-a99d-bd2add07e24f\">\nGro\u00dfe Weine der CRU-Klassifikation<br> von Kaiserin-K\u00f6nigin Maria Theresia\n<\/h1><div class=\"bde-text-93-102 bde-text\">\n\"Weine, die die Geschichte zweier L\u00e4nder erz\u00e4hlen\n\"\n<\/div>\n<\/div><div class=\"bde-column-93-108 bde-column\">\n  \n  \n\t\n\n\n\n<img decoding=\"async\" class=\"bde-image2-93-109 bde-image2\" src=\"https:\/\/winescrumariatheresia.com\/wp-content\/uploads\/2025\/09\/steklenica-1.png\" loading=\"lazy\" srcset=\"https:\/\/winescrumariatheresia.com\/wp-content\/uploads\/2025\/09\/steklenica-1.png 822w, https:\/\/winescrumariatheresia.com\/wp-content\/uploads\/2025\/09\/steklenica-1-203x300.png 203w, https:\/\/winescrumariatheresia.com\/wp-content\/uploads\/2025\/09\/steklenica-1-692x1024.png 692w, https:\/\/winescrumariatheresia.com\/wp-content\/uploads\/2025\/09\/steklenica-1-768x1137.png 768w\" sizes=\"(max-width: 822px) 100vw, 822px\">\n<\/div><\/div><\/div>\n<\/section><section class=\"bde-section-93-110 bde-section\">\n  \n  \n\t\n\n\n\n<div class=\"section-container\"><div class=\"bde-text-93-111 bde-text bde-preset-7942a96c-82f9-49c0-a7aa-a72c1b8ff092\">\nTreten Sie ein in eine Welt au\u00dfergew\u00f6hnlicher Weine, gepr\u00e4gt vom Erbe der weltweit ersten CRU-Klassifikation, die 1787 durch die Vision der Kaiserin-K\u00f6nigin Maria Theresia eingef\u00fchrt wurde. \n<\/div><div class=\"bde-rich-text-93-112 bde-rich-text bde-preset-ebb0e78c-9fc9-4674-99af-5418d20cdb8e breakdance-rich-text-styles\">\n<p><span style=\"font-weight: 400;\">Diese historische Klassifikation, wiederentdeckt vom Historiker\u00a0<strong>Stefano Cosma<\/strong>, erkannte die au\u00dfergew\u00f6hnliche Qualit\u00e4t der Weinberge von Collio, Colli Orientali, Gori\u0161ka Brda, Unteres So\u010da-Tal, Vipava-Tal, Aquileia und Karst \u2014 fast ein Jahrhundert vor Burgund. Heute sind die in diesen Lagen erzeugten Weine der Stolz\u00a0<strong>der Vereinigung der CRU-Klassifikation der Kaiserin-K\u00f6nigin Maria Theresia<\/strong>, die die bedeutendsten Winzer aus Slowenien und Italien in einer gemeinsamen Vision von Freundschaft, Frieden und Exzellenz vereint.\u00a0<\/span><\/p>\n<\/div><div class=\"bde-columns-93-113 bde-columns\"><div class=\"bde-column-93-114 bde-column\">\n  \n  \n\t\n\n\n\n<img decoding=\"async\" class=\"bde-image2-93-116 bde-image2\" src=\"https:\/\/winescrumariatheresia.com\/wp-content\/uploads\/2025\/09\/foto-plakat-1.jpg\" loading=\"lazy\" srcset=\"https:\/\/winescrumariatheresia.com\/wp-content\/uploads\/2025\/09\/foto-plakat-1.jpg 796w, https:\/\/winescrumariatheresia.com\/wp-content\/uploads\/2025\/09\/foto-plakat-1-300x199.jpg 300w, https:\/\/winescrumariatheresia.com\/wp-content\/uploads\/2025\/09\/foto-plakat-1-768x509.jpg 768w\" sizes=\"(max-width: 796px) 100vw, 796px\">\n<\/div><div class=\"bde-column-93-115 bde-column\">\n  \n  \n\t\n\n\n\n<img decoding=\"async\" class=\"bde-image2-93-117 bde-image2\" src=\"https:\/\/winescrumariatheresia.com\/wp-content\/uploads\/2025\/09\/foto-kozarec-1.jpg\" loading=\"lazy\" srcset=\"https:\/\/winescrumariatheresia.com\/wp-content\/uploads\/2025\/09\/foto-kozarec-1.jpg 796w, https:\/\/winescrumariatheresia.com\/wp-content\/uploads\/2025\/09\/foto-kozarec-1-300x199.jpg 300w, https:\/\/winescrumariatheresia.com\/wp-content\/uploads\/2025\/09\/foto-kozarec-1-768x509.jpg 768w\" sizes=\"(max-width: 796px) 100vw, 796px\"><img decoding=\"async\" class=\"bde-image2-93-118 bde-image2\" src=\"https:\/\/winescrumariatheresia.com\/wp-content\/uploads\/2025\/09\/04_logo_Maria_terezia_label_1787-02-1.png\" loading=\"lazy\" srcset=\"https:\/\/winescrumariatheresia.com\/wp-content\/uploads\/2025\/09\/04_logo_Maria_terezia_label_1787-02-1.png 473w, https:\/\/winescrumariatheresia.com\/wp-content\/uploads\/2025\/09\/04_logo_Maria_terezia_label_1787-02-1-300x300.png 300w, https:\/\/winescrumariatheresia.com\/wp-content\/uploads\/2025\/09\/04_logo_Maria_terezia_label_1787-02-1-150x150.png 150w\" sizes=\"(max-width: 473px) 100vw, 473px\">\n<\/div><\/div><div class=\"bde-div-93-121 bde-div\">\n  \n  \n\t\n\n\n\n<div class=\"bde-rich-text-93-119 bde-rich-text bde-preset-ebb0e78c-9fc9-4674-99af-5418d20cdb8e breakdance-rich-text-styles\">\n<p>Unsere Weine entstehen aus mineralreichem Mergel, einem milden mediterranen Klima mit warmen Tagen und k\u00fchlen N\u00e4chten sowie aus Jahrhunderten der Weinbautradition. Chardonnay, Rebula, Friulano-Jakot, Malvasia, Pinot Noir, Refosco und Merlot sind nur einige der Sorten, die mit Eleganz, Mineralit\u00e4t, Komplexit\u00e4t und einzigartigem Charakter begeistern. Jeder Wein erz\u00e4hlt die Geschichte grenz\u00fcberschreitender Zusammenarbeit, bei der die besten Winzer Sloweniens und Italiens ihr Wissen und ihre Leidenschaft vereinen, um Meisterwerke zu schaffen, die eines kaiserlichen Erbes w\u00fcrdig sind.<\/p>\n<\/div><div class=\"bde-rich-text-93-122 bde-rich-text bde-preset-ebb0e78c-9fc9-4674-99af-5418d20cdb8e breakdance-rich-text-styles\">\n<p>Jeder dieser Weine wird mit Liebe und Respekt f\u00fcr das Land geschaffen, das erstmals von Kaiserin-K\u00f6nigin Maria Theresia als au\u00dfergew\u00f6hnlich anerkannt wurde.<\/p>\n<\/div><div class=\"bde-text-93-124 bde-text bde-preset-faebfa17-b02a-48b0-88b1-f511c1505395\">\nBesuchen Sie unseren Weinkeller der Gro\u00dfen Weine der Freundschaft und des Friedens im Franziskanerkloster Kostanjevica, wo Sie diese Weine verkosten und als Erinnerung an ein unvergessliches Erlebnis in einer der besten Weinregionen der Welt erwerben k\u00f6nnen.\n<\/div><div class=\"bde-button-93-125 bde-button\">\n    \n                                    \n    \n    \n    \n    \n            \n                    \n            \n            \n\n    \n    \n    \n    \n    \n    <a class=\"breakdance-link button-atom button-atom--secondary bde-button__button\" href=\"\/de\/rezervacija\/#rezervacija\" target=\"_blank\" data-type=\"url\"  >\n\n    \n        <span class=\"button-atom__text\">BUCHEN SIE IHR ERLEBNIS<\/span>\n\n        \n        \n                <\/a>\n\n    \n\n\n<\/div>\n<\/div><\/div>\n<\/section><section class=\"bde-section-93-126 bde-section\">\n  \n  \n\t\n\n\n\n<div class=\"section-container\"><img decoding=\"async\" class=\"bde-image2-93-127 bde-image2\" src=\"https:\/\/winescrumariatheresia.com\/wp-content\/uploads\/2025\/09\/Layer_2-1.png\" loading=\"lazy\" srcset=\"https:\/\/winescrumariatheresia.com\/wp-content\/uploads\/2025\/09\/Layer_2-1.png 1905w, https:\/\/winescrumariatheresia.com\/wp-content\/uploads\/2025\/09\/Layer_2-1-300x102.png 300w, https:\/\/winescrumariatheresia.com\/wp-content\/uploads\/2025\/09\/Layer_2-1-1024x348.png 1024w, https:\/\/winescrumariatheresia.com\/wp-content\/uploads\/2025\/09\/Layer_2-1-768x261.png 768w, https:\/\/winescrumariatheresia.com\/wp-content\/uploads\/2025\/09\/Layer_2-1-1536x522.png 1536w\" sizes=\"(max-width: 1905px) 100vw, 1905px\"><\/div>\n<\/section><section class=\"bde-section-93-128 bde-section\">\n  \n  \n\t\n\n\n\n<div class=\"section-container\"><h1 class=\"bde-heading-93-129 bde-heading\">\nCharity-Auktion: Wo Tradition auf exzellente Weine und Philanthropie trifft\n<\/h1><div class=\"bde-rich-text-93-130 bde-rich-text bde-preset-ebb0e78c-9fc9-4674-99af-5418d20cdb8e breakdance-rich-text-styles\">\n<p>Jeden Oktober erwacht <strong>das Franziskanerkloster Castagnevizza\/Kostanjevica<\/strong> mit dem prestigetr\u00e4chtigsten Ereignis der Region zum Leben \u2013 der Wohlt\u00e4tigkeitsauktion der Weine aus der CRU-Klassifikation von Kaiserin-K\u00f6nigin Maria Theresia. Vom <strong>23. bis 25. Oktober 2025<\/strong> findet sie zum vierten Mal statt. Ausgew\u00e4hlte Winzer stiften ein 225-Liter-Eichenfass (300 Flaschen) Wein aus ihren besten, gem\u00e4\u00df der historischen Klassifikation Maria Theresias als Cru eingestuften Weinbergen. Diese Weine, von einer speziellen Kommission ausgew\u00e4hlt, sind das Ergebnis jahrhundertealter Tradition und eines au\u00dfergew\u00f6hnlichen Terroirs, in dem Mergel und das milde Mittelmeerklima unvergleichliche Aromen hervorbringen.<\/p>\n<\/div><\/div>\n<\/section><section class=\"bde-section-93-131 bde-section\">\n  \n  \n\t\n\n\n\n<div class=\"section-container\"><div class=\"bde-div-93-132 bde-div\">\n  \n  \n\t\n\n\n\n<img decoding=\"async\" class=\"bde-image2-93-133 bde-image2\" src=\"https:\/\/winescrumariatheresia.com\/wp-content\/uploads\/2025\/09\/okrasna-crta.svg\" loading=\"lazy\" sizes=\"(max-width: 36px) 100vw, 36px\"><div class=\"bde-text-93-135 bde-text bde-preset-7942a96c-82f9-49c0-a7aa-a72c1b8ff092\">\nWie entstehen die Auktionsweine?\u2028\n<\/div><img decoding=\"async\" class=\"bde-image2-93-134 bde-image2\" src=\"https:\/\/winescrumariatheresia.com\/wp-content\/uploads\/2025\/09\/okrasna-crta-1.svg\" loading=\"lazy\" sizes=\"(max-width: 36px) 100vw, 36px\">\n<\/div><div class=\"bde-text-93-140 bde-text\">\n Ein Prozess, der dem Erbe von Kaiserin-K\u00f6nigin Maria Theresia treu bleibt.\n<\/div><div class=\"bde-columns-93-136 bde-columns\"><div class=\"bde-column-93-137 bde-column\">\n  \n  \n\t\n\n\n\n<div class=\"bde-text-93-142 bde-text\">\nPRODUKTION\n<\/div><div class=\"bde-text-93-144 bde-text\">\nJeder Wein entsteht aus einer einzigen Rebsorte, die in sorgf\u00e4ltig ausgew\u00e4hlten CRU-Lagen angebaut wird, im Gedenken an das Erbe von Kaiserin-K\u00f6nigin Maria Theresia.\n<\/div><div class=\"bde-text-93-145 bde-text\">\nUnter Anwendung biologischer und biodynamischer Methoden und mit Ertr\u00e4gen, die auf h\u00f6chstens 60 hl\/ha begrenzt sind, bewahren diese Weine die reine Essenz und Authentizit\u00e4t des Bodens.\n<\/div>\n<\/div><div class=\"bde-column-93-138 bde-column\">\n  \n  \n\t\n\n\n\n<img decoding=\"async\" class=\"bde-image2-93-148 bde-image2\" src=\"https:\/\/winescrumariatheresia.com\/wp-content\/uploads\/2025\/09\/ozadje-slika-1-1.png\" loading=\"lazy\" srcset=\"https:\/\/winescrumariatheresia.com\/wp-content\/uploads\/2025\/09\/ozadje-slika-1-1.png 1283w, https:\/\/winescrumariatheresia.com\/wp-content\/uploads\/2025\/09\/ozadje-slika-1-1-286x300.png 286w, https:\/\/winescrumariatheresia.com\/wp-content\/uploads\/2025\/09\/ozadje-slika-1-1-975x1024.png 975w, https:\/\/winescrumariatheresia.com\/wp-content\/uploads\/2025\/09\/ozadje-slika-1-1-768x806.png 768w, https:\/\/winescrumariatheresia.com\/wp-content\/uploads\/2025\/09\/ozadje-slika-1-1-11x12.png 11w\" sizes=\"(max-width: 1283px) 100vw, 1283px\">\n<\/div><div class=\"bde-column-93-139 bde-column\">\n  \n  \n\t\n\n\n\n<div class=\"bde-text-93-143 bde-text\">\nREIFUNG\n<\/div><div class=\"bde-text-93-146 bde-text\">\n12 Monate Reifung in Eichenf\u00e4ssern.\u2028\n<\/div><div class=\"bde-text-93-147 bde-text\">\n6 Monate Reifung in Edelstahltanks.\n<\/div>\n<\/div><\/div><div class=\"bde-text-93-149 bde-text\">\n\u2028300 nummerierte Burgunderflaschen, jede versehen mit seiner Unterschrift auf einem exklusiven, eigens f\u00fcr diesen Anlass entworfenen Erinnerungsetikett mit dem Wappen der Contea.\n<\/div><\/div>\n<\/section><section class=\"bde-section-93-150 bde-section\">\n  \n  \n\t\n\n\n\n<div class=\"section-container\"><div class=\"bde-text-93-151 bde-text bde-preset-7942a96c-82f9-49c0-a7aa-a72c1b8ff092\">\nVereinigung der CRU-Klassifikation\n<\/div><div class=\"bde-rich-text-93-152 bde-rich-text bde-preset-ebb0e78c-9fc9-4674-99af-5418d20cdb8e breakdance-rich-text-styles\">\n<p>Die Vereinigung der CRU-Klassifikation von Kaiserin-K\u00f6nigin Maria Theresia ist eine grenz\u00fcberschreitende Initiative, die Winzer aus der Weinregion G\u00f6rz, aus dem Collio und den Gori\u0161ka Brda vereint, um das Erbe der ersten CRU-Klassifikation von 1787 zu bewahren. Vereint im Geist der Freundschaft und des Friedens setzen die Winzer die Tradition Maria Theresias fort und erzeugen hervorragende Weine, die die Welt inspirieren. Jedes Jahr organisieren sie eine exklusive Wohlt\u00e4tigkeitsauktion, bei der ein Fass (300 Flaschen) ihrer besten Weine angeboten wird; der Erl\u00f6s unterst\u00fctzt verschiedene karitative Zwecke. Zu den angesehenen Mitgliedern der Vereinigung, die Leidenschaft f\u00fcr \u00f6nologische Exzellenz mit historischem Erbe verbinden, geh\u00f6ren:<\/p>\n<\/div><div class=\"bde-rich-text-93-202 bde-rich-text breakdance-rich-text-styles\">\n<ul><li style=\"font-weight: 400;\" aria-level=\"1\"><span style=\"font-weight: 400;\">ATTEMS - FRESCOBALDI\u00a0<\/span><\/li><li style=\"font-weight: 400;\" aria-level=\"1\"><span style=\"font-weight: 400;\">AZ. AGRICOLA ROCCA BERNARDA\u00a0<\/span><\/li><li style=\"font-weight: 400;\" aria-level=\"1\"><span style=\"font-weight: 400;\">BARONE RITTER DE ZA\u0301HONY\u00a0<\/span><\/li><li style=\"font-weight: 400;\" aria-level=\"1\"><span style=\"font-weight: 400;\">CANTINA SANZIN\u00a0<\/span><\/li><li style=\"font-weight: 400;\" aria-level=\"1\"><span style=\"font-weight: 400;\">CAROLINA JAKON\u010cI\u010c WINERY\u00a0<\/span><\/li><li style=\"font-weight: 400;\" aria-level=\"1\"><span style=\"font-weight: 400;\">CASTELLO DI SPESSA\u00a0<\/span><\/li><li style=\"font-weight: 400;\" aria-level=\"1\"><span style=\"font-weight: 400;\">DOMA\u010cIJA MEDOT\u00a0<\/span><\/li><li style=\"font-weight: 400;\" aria-level=\"1\"><span style=\"font-weight: 400;\">FONDAZIONE VILLA RUSSIZ\u00a0<\/span><\/li><li style=\"font-weight: 400;\" aria-level=\"1\"><span style=\"font-weight: 400;\">KLET BRDA\u00a0<\/span><\/li><li style=\"font-weight: 400;\" aria-level=\"1\"><span style=\"font-weight: 400;\">KMETIJA PRIN\u010cI\u010c - TOMA\u017d PRIN\u010cI\u010c<\/span><\/li><li style=\"font-weight: 400;\" aria-level=\"1\"><span style=\"font-weight: 400;\">KORSI\u010c WINES\u00a0<\/span><\/li><li style=\"font-weight: 400;\" aria-level=\"1\"><span style=\"font-weight: 400;\">KRISTAN\u010cI\u010c IZ MEDANE\u00a0<\/span><\/li><li style=\"font-weight: 400;\" aria-level=\"1\"><span style=\"font-weight: 400;\">LUCIO BERNOT - CASA DELLE ROSE\u00a0<\/span><\/li><li style=\"font-weight: 400;\" aria-level=\"1\"><span style=\"font-weight: 400;\">MARJAN SIM\u010cI\u010c DOMAINE\u00a0<\/span><\/li><li style=\"font-weight: 400;\" aria-level=\"1\"><span style=\"font-weight: 400;\">NEBO WINERY\u00a0<\/span><\/li><li style=\"font-weight: 400;\" aria-level=\"1\"><span style=\"font-weight: 400;\">NONINO DISTILLATORI\u00a0<\/span><\/li><li style=\"font-weight: 400;\" aria-level=\"1\"><span style=\"font-weight: 400;\">POSESTVO BURJA - PRIMO\u017d LAVREN\u010cI\u010c<\/span><\/li><li style=\"font-weight: 400;\" aria-level=\"1\"><span style=\"font-weight: 400;\">ROKOVI VINOGRADI - ANDREJ SIRK\u00a0<\/span><\/li><li style=\"font-weight: 400;\" aria-level=\"1\"><span style=\"font-weight: 400;\">SUBIDA DI MONTE\u00a0<\/span><\/li><li style=\"font-weight: 400;\" aria-level=\"1\"><span style=\"font-weight: 400;\">SYLVMANN\u00a0<\/span><\/li><li style=\"font-weight: 400;\" aria-level=\"1\"><span style=\"font-weight: 400;\">VALTER SIRK\u00a0<\/span><\/li><li style=\"font-weight: 400;\" aria-level=\"1\"><span style=\"font-weight: 400;\">VINA LEBAN\u00a0<\/span><\/li><li style=\"font-weight: 400;\" aria-level=\"1\"><span style=\"font-weight: 400;\">VINA \u0160TEKAR<\/span><\/li><li style=\"font-weight: 400;\" aria-level=\"1\"><span style=\"font-weight: 400;\">VINI NO\u00dcE MARINI\u010c<\/span><\/li><li style=\"font-weight: 400;\" aria-level=\"1\"><span style=\"font-weight: 400;\">ZAROVA\u00a0<\/span><\/li><\/ul>\n<\/div><\/div>\n<\/section><section class=\"bde-section-93-153 bde-section\">\n  \n  \n\t\n\n\n\n<div class=\"section-container\"><div class=\"bde-grid-93-154 bde-grid\">\n  \n  \n\t\n\n\n\n<img decoding=\"async\" class=\"bde-image2-93-155 bde-image2\" src=\"https:\/\/winescrumariatheresia.com\/wp-content\/uploads\/2025\/09\/slika-tocenje-vina-1.jpg\" loading=\"lazy\" srcset=\"https:\/\/winescrumariatheresia.com\/wp-content\/uploads\/2025\/09\/slika-tocenje-vina-1.jpg 680w, https:\/\/winescrumariatheresia.com\/wp-content\/uploads\/2025\/09\/slika-tocenje-vina-1-300x200.jpg 300w\" sizes=\"(max-width: 680px) 100vw, 680px\"><div class=\"bde-div-93-157 bde-div\">\n  \n  \n\t\n\n\n\n<div class=\"bde-text-93-158 bde-text bde-preset-7942a96c-82f9-49c0-a7aa-a72c1b8ff092\">\nAusgew\u00e4hlte Weine der Auktion\n<\/div><div class=\"bde-rich-text-93-159 bde-rich-text bde-preset-ebb0e78c-9fc9-4674-99af-5418d20cdb8e breakdance-rich-text-styles\">\n<p>Diese Weine verk\u00f6rpern Vielfalt und Eleganz: Wei\u00dfweine bezaubern mit floralen Noten und Mineralit\u00e4t, w\u00e4hrend Rotweine Tiefe und samtige Weichheit bieten. Limitierte Serien aus au\u00dfergew\u00f6hnlichen Jahrg\u00e4ngen verleihen Sammlerwert, der Kenner weltweit anzieht.<\/p>\n<\/div>\n<\/div><img decoding=\"async\" class=\"bde-image2-93-156 bde-image2\" src=\"https:\/\/winescrumariatheresia.com\/wp-content\/uploads\/2025\/09\/slika-sodi-1-e1756909668243.jpg\" loading=\"lazy\" srcset=\"https:\/\/winescrumariatheresia.com\/wp-content\/uploads\/2025\/09\/slika-sodi-1-e1756909668243.jpg 639w, https:\/\/winescrumariatheresia.com\/wp-content\/uploads\/2025\/09\/slika-sodi-1-e1756909668243-300x208.jpg 300w\" sizes=\"(max-width: 639px) 100vw, 639px\">\n<\/div><\/div>\n<\/section><section class=\"bde-section-93-160 bde-section\">\n  \n  \n\t\n\n\n\n<div class=\"section-container\"><div class=\"bde-div-93-162 bde-div\">\n  \n  \n\t\n\n\n\n<img decoding=\"async\" class=\"bde-image2-93-163 bde-image2\" src=\"https:\/\/winescrumariatheresia.com\/wp-content\/uploads\/2025\/09\/okrasna-crta.svg\" loading=\"lazy\" sizes=\"(max-width: 36px) 100vw, 36px\"><div class=\"bde-text-93-164 bde-text bde-preset-7942a96c-82f9-49c0-a7aa-a72c1b8ff092\">\nWie verl\u00e4uft die Auktion?\u2028\n<\/div><img decoding=\"async\" class=\"bde-image2-93-165 bde-image2\" src=\"https:\/\/winescrumariatheresia.com\/wp-content\/uploads\/2025\/09\/okrasna-crta-1.svg\" loading=\"lazy\" sizes=\"(max-width: 36px) 100vw, 36px\">\n<\/div><div class=\"bde-rich-text-93-166 bde-rich-text bde-preset-ebb0e78c-9fc9-4674-99af-5418d20cdb8e breakdance-rich-text-styles\">\n<p>Die Auktion des letzten Jahres begann mit einem feierlichen Empfang im Weinkeller, gefolgt von einer reichhaltigen Verkostung ausgew\u00e4hlter Weine und einem eleganten Gala-Dinner, bei dem Winzer und G\u00e4ste enge Verbindungen kn\u00fcpften. Ihren H\u00f6hepunkt erreichte sie am folgenden Tag mit der Wohlt\u00e4tigkeitsauktion, die vom renommierten Auktionshaus Dorotheum geleitet wurde\u2014einem der \u00e4ltesten und angesehensten der Welt, dessen 300-j\u00e4hrige Tradition und Ruf h\u00f6chste Exzellenz garantieren.<\/p>\n<\/div><div class=\"bde-text-93-168 bde-text\">\nIn diesem Jahr gestalten wir ein ebenso exklusives Erlebnis, mit der zus\u00e4tzlichen M\u00f6glichkeit f\u00fcr den H\u00f6chstbietenden, seine Unterschrift auf dem Retro-Etikett zu hinterlassen.\n<\/div><div class=\"bde-button-93-161 bde-button\">\n    \n                                    \n    \n    \n    \n    \n            \n                    \n            \n            \n\n    \n    \n    \n    \n    \n    <a class=\"breakdance-link button-atom button-atom--secondary bde-button__button\" href=\"mailto:info@winescrumariatheresia.com?subject=&body=\" target=\"_self\" data-type=\"contact\"  >\n\n    \n        <span class=\"button-atom__text\">NEHMEN SIE AN DER AUKTION TEIL, KONTAKTIEREN SIE UNS<\/span>\n\n        \n        \n                <\/a>\n\n    \n\n\n<\/div><\/div>\n<\/section><section class=\"bde-section-93-169 bde-section\">\n  \n  \n\t\n\n\n\n<div class=\"section-container\"><div class=\"bde-grid-93-170 bde-grid\">\n  \n  \n\t\n\n\n\n<img decoding=\"async\" class=\"bde-image2-93-171 bde-image2\" src=\"https:\/\/winescrumariatheresia.com\/wp-content\/uploads\/2025\/09\/1234-1-1.jpg\" loading=\"lazy\" srcset=\"https:\/\/winescrumariatheresia.com\/wp-content\/uploads\/2025\/09\/1234-1-1.jpg 704w, https:\/\/winescrumariatheresia.com\/wp-content\/uploads\/2025\/09\/1234-1-1-300x213.jpg 300w\" sizes=\"(max-width: 704px) 100vw, 704px\"><img decoding=\"async\" class=\"bde-image2-93-175 bde-image2\" src=\"https:\/\/winescrumariatheresia.com\/wp-content\/uploads\/2025\/09\/1235-1.jpg\" loading=\"lazy\" srcset=\"https:\/\/winescrumariatheresia.com\/wp-content\/uploads\/2025\/09\/1235-1.jpg 752w, https:\/\/winescrumariatheresia.com\/wp-content\/uploads\/2025\/09\/1235-1-300x199.jpg 300w\" sizes=\"(max-width: 752px) 100vw, 752px\"><img decoding=\"async\" class=\"bde-image2-93-176 bde-image2\" src=\"https:\/\/winescrumariatheresia.com\/wp-content\/uploads\/2025\/09\/1236-1.jpg\" loading=\"lazy\" srcset=\"https:\/\/winescrumariatheresia.com\/wp-content\/uploads\/2025\/09\/1236-1.jpg 705w, https:\/\/winescrumariatheresia.com\/wp-content\/uploads\/2025\/09\/1236-1-300x213.jpg 300w\" sizes=\"(max-width: 705px) 100vw, 705px\">\n<\/div><\/div>\n<\/section><section class=\"bde-section-93-177 bde-section\">\n  \n  \n\t\n\n\n\n<div class=\"section-container\"><div class=\"bde-rich-text-93-178 bde-rich-text bde-preset-ebb0e78c-9fc9-4674-99af-5418d20cdb8e breakdance-rich-text-styles\">\n<p><span style=\"font-weight: 400;\">Die gesammelten Mittel unterst\u00fctzen die Restaurierung des Franziskanerklosters Castagnevizza, einschlie\u00dflich der renovierten Fresken und des Weinkellers, bekannt als \u201eKeller der Gro\u00dfen Weine der Freundschaft und des Friedens\u201c, die Restaurierung des Schlosses Coronini Cronberg in G\u00f6rz sowie die F\u00f6rderung des grenz\u00fcberschreitenden Weingebiets.<\/span><\/p>\n<\/div><div class=\"bde-button-93-203 bde-button\">\n    \n                                    \n    \n    \n    \n    \n            \n                    \n            \n            \n\n    \n    \n    \n    \n    \n    <a class=\"breakdance-link button-atom button-atom--secondary bde-button__button\" href=\"https:\/\/winescrumariatheresia.com\/wp-content\/uploads\/2025\/10\/02-VIP-Degustation-Gala-dinner-and-Auction-CRU-MT_2025-1-scaled.jpg\" target=\"_blank\" data-type=\"url\"  >\n\n    \n        <span class=\"button-atom__text\">Prenesite si vabilo na dra\u017ebo<\/span>\n\n        \n        \n                <\/a>\n\n    \n\n\n<\/div><div id=\"rezervacija\" class=\"bde-div-93-200 bde-div\">\n  \n  \n\t\n\n\n\n<div class=\"bde-code-block-93-201 bde-code-block\">\n\n  <div class=\"pdf-container\">\n    <embed src=\"https:\/\/winescrumariatheresia.com\/wp-content\/uploads\/2025\/10\/Catalogue-auction-2025_CRU-Maria-Theresia-web.pdf\" type=\"application\/pdf\" width=\"100%\" height=\"100%\">\n<\/div>\n\n<style>\n.pdf-container {\n    width: 100%;\n    max-width: 100%;\n    height: 80vh;\n}\n<\/style>\n\n\n<\/div>\n<\/div><\/div>\n<\/section>","protected":false},"excerpt":{"rendered":"<p>Velika vina CRU klasifikacije Marije Terezije \u201cVina, ki pripovedujejo zgodbo dveh de\u017eel\u201d Vstopite v svet vrhunskih vin, ki nosijo pe\u010dat prve CRU klasifikacije na svetu, uvedene leta 1787 pod vodstvom in izro\u010dilu vladarice Marije Terezije. Ta zgodovinska klasifikacija, odkrita s strani zgodovinarja\u00a0Stefana Cosme, je prepoznala izjemno kakovost vinogradov Gori\u0161kih Brd, Collia, Collia Orientali, Spodnjega Poso\u010dja, [&hellip;]<\/p>","protected":false},"author":1,"featured_media":0,"parent":0,"menu_order":0,"comment_status":"closed","ping_status":"closed","template":"","meta":{"_breakdance_hide_in_design_set":false,"_breakdance_tags":"","footnotes":""},"class_list":["post-93","page","type-page","status-publish","hentry"],"_links":{"self":[{"href":"https:\/\/winescrumariatheresia.com\/de\/wp-json\/wp\/v2\/pages\/93","targetHints":{"allow":["GET"]}}],"collection":[{"href":"https:\/\/winescrumariatheresia.com\/de\/wp-json\/wp\/v2\/pages"}],"about":[{"href":"https:\/\/winescrumariatheresia.com\/de\/wp-json\/wp\/v2\/types\/page"}],"author":[{"embeddable":true,"href":"https:\/\/winescrumariatheresia.com\/de\/wp-json\/wp\/v2\/users\/1"}],"replies":[{"embeddable":true,"href":"https:\/\/winescrumariatheresia.com\/de\/wp-json\/wp\/v2\/comments?post=93"}],"version-history":[{"count":79,"href":"https:\/\/winescrumariatheresia.com\/de\/wp-json\/wp\/v2\/pages\/93\/revisions"}],"predecessor-version":[{"id":492,"href":"https:\/\/winescrumariatheresia.com\/de\/wp-json\/wp\/v2\/pages\/93\/revisions\/492"}],"wp:attachment":[{"href":"https:\/\/winescrumariatheresia.com\/de\/wp-json\/wp\/v2\/media?parent=93"}],"curies":[{"name":"wp","href":"https:\/\/api.w.org\/{rel}","templated":true}]}}